{"id":76964,"date":"2026-04-29T17:07:01","date_gmt":"2026-04-29T15:07:01","guid":{"rendered":"https:\/\/www.coquard.fr\/produit\/potence-dagitation-et-support-pour-pasto-20l"},"modified":"2026-05-02T23:18:02","modified_gmt":"2026-05-02T21:18:02","slug":"potence-dagitation-et-support-pour-pasto-20l","status":"publish","type":"product","link":"https:\/\/www.coquard.fr\/es\/produit\/potence-dagitation-et-support-pour-pasto-20l","title":{"rendered":"POTENCE D&#8217;AGITATION ET SUPPORT POUR PASTO 20L"},"content":{"rendered":"<p>Support et potence d&#8217;agitation pour pasteurisateur 20 litres \u00e0 bain-marie r\u00e9f. 037HTA pour yaourt, cr\u00e8mes desserts, lait pasteuris\u00e9. Agitation motoris\u00e9e avec variateur de vitesse et inversion du sens de rotation. P\u00e2le d&#8217;agitation pour brassage du lait et des cr\u00e8mes desserts. La vitesse lente permet de brasser le lait, la vitesse rapide les cr\u00e8mes desserts. Pasteurisateur, seau plongeant, thermostat et \u00e9lectrovannes non compris. Dimensions du support : 400 x 400 mm, hauteur 400 mm. Sur 4 pieds r\u00e9glables. Alimentation 230 V. 50 Htz.<\/p>\n","protected":false},"excerpt":{"rendered":"<p>76964<\/p>\n","protected":false},"featured_media":76970,"comment_status":"closed","ping_status":"closed","template":"","meta":{"_acf_changed":false},"product_brand":[],"product_cat":[1513],"product_tag":[],"class_list":{"0":"post-76964","1":"product","2":"type-product","3":"status-publish","4":"has-post-thumbnail","6":"product_cat-pequeno-pasteurizador","8":"first","9":"onbackorder","10":"taxable","11":"shipping-taxable","12":"purchasable","13":"product-type-simple"},"acf":[],"yoast_head":"<!-- This site is optimized with the Yoast SEO plugin v27.5 - https:\/\/yoast.com\/product\/yoast-seo-wordpress\/ -->\n<title>POTENCE D&#039;AGITATION ET SUPPORT POUR PASTO 20L - Ets Coquard<\/title>\n<meta name=\"robots\" content=\"index, follow, max-snippet:-1, max-image-preview:large, max-video-preview:-1\" \/>\n<link rel=\"canonical\" href=\"https:\/\/www.coquard.fr\/es\/produit\/potence-dagitation-et-support-pour-pasto-20l\" \/>\n<meta property=\"og:locale\" content=\"es_ES\" \/>\n<meta property=\"og:type\" content=\"article\" \/>\n<meta property=\"og:title\" content=\"POTENCE D&#039;AGITATION ET SUPPORT POUR PASTO 20L - Ets Coquard\" \/>\n<meta property=\"og:description\" content=\"76964\" \/>\n<meta property=\"og:url\" content=\"https:\/\/www.coquard.fr\/es\/produit\/potence-dagitation-et-support-pour-pasto-20l\" \/>\n<meta property=\"og:site_name\" content=\"Ets Coquard\" \/>\n<meta property=\"article:modified_time\" content=\"2026-05-02T21:18:02+00:00\" \/>\n<meta property=\"og:image\" content=\"https:\/\/www.coquard.fr\/wp-content\/uploads\/037hjl-potencecomplete-pasteurisateur-materieldefromagerie-photo1.jpeg\" \/>\n\t<meta property=\"og:image:width\" content=\"1000\" \/>\n\t<meta property=\"og:image:height\" content=\"1000\" \/>\n\t<meta property=\"og:image:type\" content=\"image\/jpeg\" \/>\n<meta name=\"twitter:card\" content=\"summary_large_image\" \/>\n<script type=\"application\/ld+json\" class=\"yoast-schema-graph\">{\"@context\":\"https:\\\/\\\/schema.org\",\"@graph\":[{\"@type\":\"WebPage\",\"@id\":\"https:\\\/\\\/www.coquard.fr\\\/es\\\/produit\\\/potence-dagitation-et-support-pour-pasto-20l\",\"url\":\"https:\\\/\\\/www.coquard.fr\\\/es\\\/produit\\\/potence-dagitation-et-support-pour-pasto-20l\",\"name\":\"POTENCE D'AGITATION ET SUPPORT POUR PASTO 20L - Ets Coquard\",\"isPartOf\":{\"@id\":\"https:\\\/\\\/www.coquard.fr\\\/#website\"},\"primaryImageOfPage\":{\"@id\":\"https:\\\/\\\/www.coquard.fr\\\/es\\\/produit\\\/potence-dagitation-et-support-pour-pasto-20l#primaryimage\"},\"image\":{\"@id\":\"https:\\\/\\\/www.coquard.fr\\\/es\\\/produit\\\/potence-dagitation-et-support-pour-pasto-20l#primaryimage\"},\"thumbnailUrl\":\"https:\\\/\\\/www.coquard.fr\\\/wp-content\\\/uploads\\\/037hjl-potencecomplete-pasteurisateur-materieldefromagerie-photo1.jpeg\",\"datePublished\":\"2026-04-29T15:07:01+00:00\",\"dateModified\":\"2026-05-02T21:18:02+00:00\",\"breadcrumb\":{\"@id\":\"https:\\\/\\\/www.coquard.fr\\\/es\\\/produit\\\/potence-dagitation-et-support-pour-pasto-20l#breadcrumb\"},\"inLanguage\":\"es\",\"potentialAction\":[{\"@type\":\"ReadAction\",\"target\":[\"https:\\\/\\\/www.coquard.fr\\\/es\\\/produit\\\/potence-dagitation-et-support-pour-pasto-20l\"]}]},{\"@type\":\"ImageObject\",\"inLanguage\":\"es\",\"@id\":\"https:\\\/\\\/www.coquard.fr\\\/es\\\/produit\\\/potence-dagitation-et-support-pour-pasto-20l#primaryimage\",\"url\":\"https:\\\/\\\/www.coquard.fr\\\/wp-content\\\/uploads\\\/037hjl-potencecomplete-pasteurisateur-materieldefromagerie-photo1.jpeg\",\"contentUrl\":\"https:\\\/\\\/www.coquard.fr\\\/wp-content\\\/uploads\\\/037hjl-potencecomplete-pasteurisateur-materieldefromagerie-photo1.jpeg\",\"width\":1000,\"height\":1000},{\"@type\":\"BreadcrumbList\",\"@id\":\"https:\\\/\\\/www.coquard.fr\\\/es\\\/produit\\\/potence-dagitation-et-support-pour-pasto-20l#breadcrumb\",\"itemListElement\":[{\"@type\":\"ListItem\",\"position\":1,\"name\":\"Home\",\"item\":\"https:\\\/\\\/www.coquard.fr\\\/es\"},{\"@type\":\"ListItem\",\"position\":2,\"name\":\"Tienda\",\"item\":\"https:\\\/\\\/www.coquard.fr\\\/es\\\/tienda\"},{\"@type\":\"ListItem\",\"position\":3,\"name\":\"POTENCE D&rsquo;AGITATION ET SUPPORT POUR PASTO 20L\"}]},{\"@type\":\"WebSite\",\"@id\":\"https:\\\/\\\/www.coquard.fr\\\/#website\",\"url\":\"https:\\\/\\\/www.coquard.fr\\\/\",\"name\":\"Ets Coquard\",\"description\":\"Equipements fromagerie fermi\u00e8re\",\"publisher\":{\"@id\":\"https:\\\/\\\/www.coquard.fr\\\/#organization\"},\"potentialAction\":[{\"@type\":\"SearchAction\",\"target\":{\"@type\":\"EntryPoint\",\"urlTemplate\":\"https:\\\/\\\/www.coquard.fr\\\/?s={search_term_string}\"},\"query-input\":{\"@type\":\"PropertyValueSpecification\",\"valueRequired\":true,\"valueName\":\"search_term_string\"}}],\"inLanguage\":\"es\"},{\"@type\":\"Organization\",\"@id\":\"https:\\\/\\\/www.coquard.fr\\\/#organization\",\"name\":\"Coquard\",\"url\":\"https:\\\/\\\/www.coquard.fr\\\/\",\"logo\":{\"@type\":\"ImageObject\",\"inLanguage\":\"es\",\"@id\":\"https:\\\/\\\/www.coquard.fr\\\/#\\\/schema\\\/logo\\\/image\\\/\",\"url\":\"https:\\\/\\\/www.coquard.fr\\\/wp-content\\\/uploads\\\/cropped-logo-coquard-quadri-fond-blanc.png\",\"contentUrl\":\"https:\\\/\\\/www.coquard.fr\\\/wp-content\\\/uploads\\\/cropped-logo-coquard-quadri-fond-blanc.png\",\"width\":1824,\"height\":701,\"caption\":\"Coquard\"},\"image\":{\"@id\":\"https:\\\/\\\/www.coquard.fr\\\/#\\\/schema\\\/logo\\\/image\\\/\"}}]}<\/script>\n<!-- \/ Yoast SEO plugin. -->","yoast_head_json":{"title":"POTENCE D'AGITATION ET SUPPORT POUR PASTO 20L - Ets Coquard","robots":{"index":"index","follow":"follow","max-snippet":"max-snippet:-1","max-image-preview":"max-image-preview:large","max-video-preview":"max-video-preview:-1"},"canonical":"https:\/\/www.coquard.fr\/es\/produit\/potence-dagitation-et-support-pour-pasto-20l","og_locale":"es_ES","og_type":"article","og_title":"POTENCE D'AGITATION ET SUPPORT POUR PASTO 20L - Ets Coquard","og_description":"76964","og_url":"https:\/\/www.coquard.fr\/es\/produit\/potence-dagitation-et-support-pour-pasto-20l","og_site_name":"Ets Coquard","article_modified_time":"2026-05-02T21:18:02+00:00","og_image":[{"width":1000,"height":1000,"url":"https:\/\/www.coquard.fr\/wp-content\/uploads\/037hjl-potencecomplete-pasteurisateur-materieldefromagerie-photo1.jpeg","type":"image\/jpeg"}],"twitter_card":"summary_large_image","schema":{"@context":"https:\/\/schema.org","@graph":[{"@type":"WebPage","@id":"https:\/\/www.coquard.fr\/es\/produit\/potence-dagitation-et-support-pour-pasto-20l","url":"https:\/\/www.coquard.fr\/es\/produit\/potence-dagitation-et-support-pour-pasto-20l","name":"POTENCE D'AGITATION ET SUPPORT POUR PASTO 20L - Ets Coquard","isPartOf":{"@id":"https:\/\/www.coquard.fr\/#website"},"primaryImageOfPage":{"@id":"https:\/\/www.coquard.fr\/es\/produit\/potence-dagitation-et-support-pour-pasto-20l#primaryimage"},"image":{"@id":"https:\/\/www.coquard.fr\/es\/produit\/potence-dagitation-et-support-pour-pasto-20l#primaryimage"},"thumbnailUrl":"https:\/\/www.coquard.fr\/wp-content\/uploads\/037hjl-potencecomplete-pasteurisateur-materieldefromagerie-photo1.jpeg","datePublished":"2026-04-29T15:07:01+00:00","dateModified":"2026-05-02T21:18:02+00:00","breadcrumb":{"@id":"https:\/\/www.coquard.fr\/es\/produit\/potence-dagitation-et-support-pour-pasto-20l#breadcrumb"},"inLanguage":"es","potentialAction":[{"@type":"ReadAction","target":["https:\/\/www.coquard.fr\/es\/produit\/potence-dagitation-et-support-pour-pasto-20l"]}]},{"@type":"ImageObject","inLanguage":"es","@id":"https:\/\/www.coquard.fr\/es\/produit\/potence-dagitation-et-support-pour-pasto-20l#primaryimage","url":"https:\/\/www.coquard.fr\/wp-content\/uploads\/037hjl-potencecomplete-pasteurisateur-materieldefromagerie-photo1.jpeg","contentUrl":"https:\/\/www.coquard.fr\/wp-content\/uploads\/037hjl-potencecomplete-pasteurisateur-materieldefromagerie-photo1.jpeg","width":1000,"height":1000},{"@type":"BreadcrumbList","@id":"https:\/\/www.coquard.fr\/es\/produit\/potence-dagitation-et-support-pour-pasto-20l#breadcrumb","itemListElement":[{"@type":"ListItem","position":1,"name":"Home","item":"https:\/\/www.coquard.fr\/es"},{"@type":"ListItem","position":2,"name":"Tienda","item":"https:\/\/www.coquard.fr\/es\/tienda"},{"@type":"ListItem","position":3,"name":"POTENCE D&rsquo;AGITATION ET SUPPORT POUR PASTO 20L"}]},{"@type":"WebSite","@id":"https:\/\/www.coquard.fr\/#website","url":"https:\/\/www.coquard.fr\/","name":"Ets Coquard","description":"Equipements fromagerie fermi\u00e8re","publisher":{"@id":"https:\/\/www.coquard.fr\/#organization"},"potentialAction":[{"@type":"SearchAction","target":{"@type":"EntryPoint","urlTemplate":"https:\/\/www.coquard.fr\/?s={search_term_string}"},"query-input":{"@type":"PropertyValueSpecification","valueRequired":true,"valueName":"search_term_string"}}],"inLanguage":"es"},{"@type":"Organization","@id":"https:\/\/www.coquard.fr\/#organization","name":"Coquard","url":"https:\/\/www.coquard.fr\/","logo":{"@type":"ImageObject","inLanguage":"es","@id":"https:\/\/www.coquard.fr\/#\/schema\/logo\/image\/","url":"https:\/\/www.coquard.fr\/wp-content\/uploads\/cropped-logo-coquard-quadri-fond-blanc.png","contentUrl":"https:\/\/www.coquard.fr\/wp-content\/uploads\/cropped-logo-coquard-quadri-fond-blanc.png","width":1824,"height":701,"caption":"Coquard"},"image":{"@id":"https:\/\/www.coquard.fr\/#\/schema\/logo\/image\/"}}]}},"_links":{"self":[{"href":"https:\/\/www.coquard.fr\/es\/wp-json\/wp\/v2\/product\/76964","targetHints":{"allow":["GET"]}}],"collection":[{"href":"https:\/\/www.coquard.fr\/es\/wp-json\/wp\/v2\/product"}],"about":[{"href":"https:\/\/www.coquard.fr\/es\/wp-json\/wp\/v2\/types\/product"}],"replies":[{"embeddable":true,"href":"https:\/\/www.coquard.fr\/es\/wp-json\/wp\/v2\/comments?post=76964"}],"wp:featuredmedia":[{"embeddable":true,"href":"https:\/\/www.coquard.fr\/es\/wp-json\/wp\/v2\/media\/76970"}],"wp:attachment":[{"href":"https:\/\/www.coquard.fr\/es\/wp-json\/wp\/v2\/media?parent=76964"}],"wp:term":[{"taxonomy":"product_brand","embeddable":true,"href":"https:\/\/www.coquard.fr\/es\/wp-json\/wp\/v2\/product_brand?post=76964"},{"taxonomy":"product_cat","embeddable":true,"href":"https:\/\/www.coquard.fr\/es\/wp-json\/wp\/v2\/product_cat?post=76964"},{"taxonomy":"product_tag","embeddable":true,"href":"https:\/\/www.coquard.fr\/es\/wp-json\/wp\/v2\/product_tag?post=76964"}],"curies":[{"name":"wp","href":"https:\/\/api.w.org\/{rel}","templated":true}]}}