{"id":76961,"date":"2026-04-29T17:06:36","date_gmt":"2026-04-29T15:06:36","guid":{"rendered":"https:\/\/www.coquard.fr\/produit\/pasteurisateur-22-litres-bain-marie"},"modified":"2026-05-02T23:35:20","modified_gmt":"2026-05-02T21:35:20","slug":"pasteurisateur-22-litres-bain-marie","status":"publish","type":"product","link":"https:\/\/www.coquard.fr\/es\/produit\/pasteurisateur-22-litres-bain-marie","title":{"rendered":"PASTEURIZADOR 22 L BA\u00d1O-MARIA"},"content":{"rendered":"<p>Peque\u00f1o pasteurizador de 20 litros para leche pasteurizada, fabricaci\u00f3n de yogur y levadura. Cuba de ba\u00f1o mar\u00eda de acero inoxidable, capacidad 30 litros con entrada y salida de agua fr\u00eda. Se utiliza con el cubo de 22 litros, referencia 037HPA, y la tapa de acero inoxidable 037HPB (vendidos por separado). Base de pl\u00e1stico. Calentamiento por resistencia, potencia: 1.800 W. Alimentaci\u00f3n: 230 V &#8211; 50Hz.<\/p>\n","protected":false},"excerpt":{"rendered":"<p>76961<\/p>\n","protected":false},"featured_media":76967,"comment_status":"closed","ping_status":"closed","template":"","meta":{"_acf_changed":false},"product_brand":[],"product_cat":[1545],"product_tag":[],"class_list":{"0":"post-76961","1":"product","2":"type-product","3":"status-publish","4":"has-post-thumbnail","6":"product_cat-non-classe-es","8":"first","9":"onbackorder","10":"taxable","11":"shipping-taxable","12":"purchasable","13":"product-type-simple"},"acf":[],"_links":{"self":[{"href":"https:\/\/www.coquard.fr\/es\/wp-json\/wp\/v2\/product\/76961","targetHints":{"allow":["GET"]}}],"collection":[{"href":"https:\/\/www.coquard.fr\/es\/wp-json\/wp\/v2\/product"}],"about":[{"href":"https:\/\/www.coquard.fr\/es\/wp-json\/wp\/v2\/types\/product"}],"replies":[{"embeddable":true,"href":"https:\/\/www.coquard.fr\/es\/wp-json\/wp\/v2\/comments?post=76961"}],"wp:featuredmedia":[{"embeddable":true,"href":"https:\/\/www.coquard.fr\/es\/wp-json\/wp\/v2\/media\/76967"}],"wp:attachment":[{"href":"https:\/\/www.coquard.fr\/es\/wp-json\/wp\/v2\/media?parent=76961"}],"wp:term":[{"taxonomy":"product_brand","embeddable":true,"href":"https:\/\/www.coquard.fr\/es\/wp-json\/wp\/v2\/product_brand?post=76961"},{"taxonomy":"product_cat","embeddable":true,"href":"https:\/\/www.coquard.fr\/es\/wp-json\/wp\/v2\/product_cat?post=76961"},{"taxonomy":"product_tag","embeddable":true,"href":"https:\/\/www.coquard.fr\/es\/wp-json\/wp\/v2\/product_tag?post=76961"}],"curies":[{"name":"wp","href":"https:\/\/api.w.org\/{rel}","templated":true}]}}