{"id":76744,"date":"2026-04-23T12:25:03","date_gmt":"2026-04-23T10:25:03","guid":{"rendered":"https:\/\/www.coquard.fr\/produit\/support-pour-traverse-038lia-en-2-parties-sur-roues"},"modified":"2026-04-23T12:26:54","modified_gmt":"2026-04-23T10:26:54","slug":"support-pour-traverse-038lia-en-2-parties-sur-roues","status":"publish","type":"product","link":"https:\/\/www.coquard.fr\/es\/produit\/support-pour-traverse-038lia-en-2-parties-sur-roues","title":{"rendered":"SUPPORT POUR TRAVERSE 038LIA EN 2 PARTIES SUR ROUES"},"content":{"rendered":"<p>Support inox sur roues pour traverse de brassage 038LIA, r\u00e9glable diam. XXX mm \u00e0 1040 mm maximum. Hauteur sous traverse 1200 mm, hauteur max de travail 1100 mm. Livr\u00e9e d\u00e9mont\u00e9e en 2 parties. Adaptable sur traverse existante. Comprend 2 roues fixes et 2 roues pivotantes + freins. Avec porte outils.<\/p>\n","protected":false},"excerpt":{"rendered":"<p>Support inox sur roues pour traverse de brassage 038LIA, r\u00e9glable diam. XXX mm \u00e0 1040 mm maximum. Hauteur sous traverse 1200 mm, hauteur max de travail 1100 mm. Livr\u00e9e d\u00e9mont\u00e9e en 2 parties. Adaptable sur traverse existante. Comprend 2 roues fixes et 2 roues pivotantes + freins. Avec porte outils.<\/p>\n","protected":false},"featured_media":76750,"comment_status":"closed","ping_status":"closed","template":"","meta":{"_acf_changed":false},"product_brand":[],"product_cat":[1487,1511],"product_tag":[],"class_list":{"0":"post-76744","1":"product","2":"type-product","3":"status-publish","4":"has-post-thumbnail","6":"product_cat-material","7":"product_cat-marmitas-y-calderos","9":"first","10":"onbackorder","11":"taxable","12":"shipping-taxable","13":"purchasable","14":"product-type-simple"},"acf":[],"_links":{"self":[{"href":"https:\/\/www.coquard.fr\/es\/wp-json\/wp\/v2\/product\/76744","targetHints":{"allow":["GET"]}}],"collection":[{"href":"https:\/\/www.coquard.fr\/es\/wp-json\/wp\/v2\/product"}],"about":[{"href":"https:\/\/www.coquard.fr\/es\/wp-json\/wp\/v2\/types\/product"}],"replies":[{"embeddable":true,"href":"https:\/\/www.coquard.fr\/es\/wp-json\/wp\/v2\/comments?post=76744"}],"wp:featuredmedia":[{"embeddable":true,"href":"https:\/\/www.coquard.fr\/es\/wp-json\/wp\/v2\/media\/76750"}],"wp:attachment":[{"href":"https:\/\/www.coquard.fr\/es\/wp-json\/wp\/v2\/media?parent=76744"}],"wp:term":[{"taxonomy":"product_brand","embeddable":true,"href":"https:\/\/www.coquard.fr\/es\/wp-json\/wp\/v2\/product_brand?post=76744"},{"taxonomy":"product_cat","embeddable":true,"href":"https:\/\/www.coquard.fr\/es\/wp-json\/wp\/v2\/product_cat?post=76744"},{"taxonomy":"product_tag","embeddable":true,"href":"https:\/\/www.coquard.fr\/es\/wp-json\/wp\/v2\/product_tag?post=76744"}],"curies":[{"name":"wp","href":"https:\/\/api.w.org\/{rel}","templated":true}]}}