{"id":76682,"date":"2026-04-21T16:43:34","date_gmt":"2026-04-21T14:43:34","guid":{"rendered":"https:\/\/www.coquard.fr\/produit\/arome-naturel-de-framboise-bouteille-de-1-kg"},"modified":"2026-04-21T16:43:42","modified_gmt":"2026-04-21T14:43:42","slug":"arome-naturel-de-framboise-bouteille-de-1-kg","status":"publish","type":"product","link":"https:\/\/www.coquard.fr\/es\/produit\/arome-naturel-de-framboise-bouteille-de-1-kg","title":{"rendered":"AROMA NATURAL DE FRAMBUESA BIDON DE 1 kg"},"content":{"rendered":"<p>Aroma natural de frambuesa destinado a la elaboraci\u00f3n de yogures aromatizados. Dosificaci\u00f3n 1 % seg\u00fan el porcentaje de az\u00facar. Envasado en botella de 1 kg. Precio por kg. Tarifa decreciente a partir de 6 kg.<\/p>\n","protected":false},"excerpt":{"rendered":"<p>76682<\/p>\n","protected":false},"featured_media":76685,"comment_status":"closed","ping_status":"closed","template":"","meta":{"_acf_changed":false},"product_brand":[],"product_cat":[1460],"product_tag":[],"class_list":{"0":"post-76682","1":"product","2":"type-product","3":"status-publish","4":"has-post-thumbnail","6":"product_cat-aromas-naturales","8":"first","9":"onbackorder","10":"taxable","11":"shipping-taxable","12":"purchasable","13":"product-type-simple"},"acf":[],"_links":{"self":[{"href":"https:\/\/www.coquard.fr\/es\/wp-json\/wp\/v2\/product\/76682","targetHints":{"allow":["GET"]}}],"collection":[{"href":"https:\/\/www.coquard.fr\/es\/wp-json\/wp\/v2\/product"}],"about":[{"href":"https:\/\/www.coquard.fr\/es\/wp-json\/wp\/v2\/types\/product"}],"replies":[{"embeddable":true,"href":"https:\/\/www.coquard.fr\/es\/wp-json\/wp\/v2\/comments?post=76682"}],"wp:featuredmedia":[{"embeddable":true,"href":"https:\/\/www.coquard.fr\/es\/wp-json\/wp\/v2\/media\/76685"}],"wp:attachment":[{"href":"https:\/\/www.coquard.fr\/es\/wp-json\/wp\/v2\/media?parent=76682"}],"wp:term":[{"taxonomy":"product_brand","embeddable":true,"href":"https:\/\/www.coquard.fr\/es\/wp-json\/wp\/v2\/product_brand?post=76682"},{"taxonomy":"product_cat","embeddable":true,"href":"https:\/\/www.coquard.fr\/es\/wp-json\/wp\/v2\/product_cat?post=76682"},{"taxonomy":"product_tag","embeddable":true,"href":"https:\/\/www.coquard.fr\/es\/wp-json\/wp\/v2\/product_tag?post=76682"}],"curies":[{"name":"wp","href":"https:\/\/api.w.org\/{rel}","templated":true}]}}