{"id":76264,"date":"2026-04-03T15:18:11","date_gmt":"2026-04-03T13:18:11","guid":{"rendered":"https:\/\/www.coquard.fr\/produit\/arome-naturel-de-pistache-bouteille-500g"},"modified":"2026-04-03T15:18:16","modified_gmt":"2026-04-03T13:18:16","slug":"arome-naturel-de-pistache-bouteille-500g","status":"publish","type":"product","link":"https:\/\/www.coquard.fr\/es\/produit\/arome-naturel-de-pistache-bouteille-500g","title":{"rendered":"AROMA NATURAL DE PISTACHO BOTELLA DE 500 G"},"content":{"rendered":"<p>Aroma natural de pistacho destinado a la elaboraci\u00f3n de yogures aromatizados. M\u00e1s del 95% de la parte aromatizante procede de la avellana. Dosificaci\u00f3n de 0,5 % seg\u00fan el porcentaje de az\u00facar. Envasado en botella de 500 g. Precio por botella. Tarifa decreciente a partir de 6 kg.<\/p>\n","protected":false},"excerpt":{"rendered":"<p>76264<\/p>\n","protected":false},"featured_media":76267,"comment_status":"closed","ping_status":"closed","template":"","meta":{"_acf_changed":false},"product_brand":[],"product_cat":[1460],"product_tag":[],"class_list":{"0":"post-76264","1":"product","2":"type-product","3":"status-publish","4":"has-post-thumbnail","6":"product_cat-aromas-naturales","8":"first","9":"onbackorder","10":"taxable","11":"shipping-taxable","12":"purchasable","13":"product-type-simple"},"acf":[],"_links":{"self":[{"href":"https:\/\/www.coquard.fr\/es\/wp-json\/wp\/v2\/product\/76264","targetHints":{"allow":["GET"]}}],"collection":[{"href":"https:\/\/www.coquard.fr\/es\/wp-json\/wp\/v2\/product"}],"about":[{"href":"https:\/\/www.coquard.fr\/es\/wp-json\/wp\/v2\/types\/product"}],"replies":[{"embeddable":true,"href":"https:\/\/www.coquard.fr\/es\/wp-json\/wp\/v2\/comments?post=76264"}],"wp:featuredmedia":[{"embeddable":true,"href":"https:\/\/www.coquard.fr\/es\/wp-json\/wp\/v2\/media\/76267"}],"wp:attachment":[{"href":"https:\/\/www.coquard.fr\/es\/wp-json\/wp\/v2\/media?parent=76264"}],"wp:term":[{"taxonomy":"product_brand","embeddable":true,"href":"https:\/\/www.coquard.fr\/es\/wp-json\/wp\/v2\/product_brand?post=76264"},{"taxonomy":"product_cat","embeddable":true,"href":"https:\/\/www.coquard.fr\/es\/wp-json\/wp\/v2\/product_cat?post=76264"},{"taxonomy":"product_tag","embeddable":true,"href":"https:\/\/www.coquard.fr\/es\/wp-json\/wp\/v2\/product_tag?post=76264"}],"curies":[{"name":"wp","href":"https:\/\/api.w.org\/{rel}","templated":true}]}}