{"id":76030,"date":"2026-03-25T16:51:44","date_gmt":"2026-03-25T15:51:44","guid":{"rendered":"https:\/\/www.coquard.fr\/produit\/embase-inox-pour-etagere-201eda"},"modified":"2026-03-25T16:51:48","modified_gmt":"2026-03-25T15:51:48","slug":"embase-inox-pour-etagere-201eda","status":"publish","type":"product","link":"https:\/\/www.coquard.fr\/es\/produit\/embase-inox-pour-etagere-201eda","title":{"rendered":"BASE DE ACERO INOXIDABLE PARA ESTANTE 201EDA"},"content":{"rendered":"<p>Base de acero inoxidable dise\u00f1ado para ensamblarse f\u00e1cilmente con un estante modulable 201EDA por bulonado, puede servir de estanter\u00eda. Montada con 4 cilindros para una perfecta estabilidad del conjunto. Dimensi\u00f3n: 1200 mm x 450 mm x 160 mm.<\/p>\n","protected":false},"excerpt":{"rendered":"<p>76030<\/p>\n","protected":false},"featured_media":76033,"comment_status":"closed","ping_status":"closed","template":"","meta":{"_acf_changed":false},"product_brand":[],"product_cat":[1638,1584],"product_tag":[],"class_list":{"0":"post-76030","1":"product","2":"type-product","3":"status-publish","4":"has-post-thumbnail","6":"product_cat-destockage-es","7":"product_cat-estanterias-de-aluminio-inoxidable-plastico","9":"first","10":"instock","11":"sale","12":"taxable","13":"shipping-taxable","14":"purchasable","15":"product-type-simple"},"acf":[],"_links":{"self":[{"href":"https:\/\/www.coquard.fr\/es\/wp-json\/wp\/v2\/product\/76030","targetHints":{"allow":["GET"]}}],"collection":[{"href":"https:\/\/www.coquard.fr\/es\/wp-json\/wp\/v2\/product"}],"about":[{"href":"https:\/\/www.coquard.fr\/es\/wp-json\/wp\/v2\/types\/product"}],"replies":[{"embeddable":true,"href":"https:\/\/www.coquard.fr\/es\/wp-json\/wp\/v2\/comments?post=76030"}],"wp:featuredmedia":[{"embeddable":true,"href":"https:\/\/www.coquard.fr\/es\/wp-json\/wp\/v2\/media\/76033"}],"wp:attachment":[{"href":"https:\/\/www.coquard.fr\/es\/wp-json\/wp\/v2\/media?parent=76030"}],"wp:term":[{"taxonomy":"product_brand","embeddable":true,"href":"https:\/\/www.coquard.fr\/es\/wp-json\/wp\/v2\/product_brand?post=76030"},{"taxonomy":"product_cat","embeddable":true,"href":"https:\/\/www.coquard.fr\/es\/wp-json\/wp\/v2\/product_cat?post=76030"},{"taxonomy":"product_tag","embeddable":true,"href":"https:\/\/www.coquard.fr\/es\/wp-json\/wp\/v2\/product_tag?post=76030"}],"curies":[{"name":"wp","href":"https:\/\/api.w.org\/{rel}","templated":true}]}}