{"id":76027,"date":"2026-03-25T16:51:20","date_gmt":"2026-03-25T15:51:20","guid":{"rendered":"https:\/\/www.coquard.fr\/produit\/etagere-modulable-tout-inox"},"modified":"2026-03-25T16:51:26","modified_gmt":"2026-03-25T15:51:26","slug":"etagere-modulable-tout-inox","status":"publish","type":"product","link":"https:\/\/www.coquard.fr\/es\/produit\/etagere-modulable-tout-inox","title":{"rendered":"ESTANTE MODULABLES TOTALMENTE DE ACERO INOXIDABLE"},"content":{"rendered":"<p>Estantes modulables totalmente de acero inoxidable para ensamblarse f\u00e1cilmente entre s\u00ed por bulonado para formar una estanter\u00eda. Carga m\u00e1xima por nivel: 50 kg. Dimensiones: 1200 mm x 450 mm x 430 mm.<\/p>\n","protected":false},"excerpt":{"rendered":"<p>76027<\/p>\n","protected":false},"featured_media":76033,"comment_status":"closed","ping_status":"closed","template":"","meta":{"_acf_changed":false},"product_brand":[],"product_cat":[1584],"product_tag":[],"class_list":{"0":"post-76027","1":"product","2":"type-product","3":"status-publish","4":"has-post-thumbnail","6":"product_cat-estanterias-de-aluminio-inoxidable-plastico","8":"first","9":"instock","10":"sale","11":"taxable","12":"shipping-taxable","13":"purchasable","14":"product-type-simple"},"acf":[],"_links":{"self":[{"href":"https:\/\/www.coquard.fr\/es\/wp-json\/wp\/v2\/product\/76027","targetHints":{"allow":["GET"]}}],"collection":[{"href":"https:\/\/www.coquard.fr\/es\/wp-json\/wp\/v2\/product"}],"about":[{"href":"https:\/\/www.coquard.fr\/es\/wp-json\/wp\/v2\/types\/product"}],"replies":[{"embeddable":true,"href":"https:\/\/www.coquard.fr\/es\/wp-json\/wp\/v2\/comments?post=76027"}],"wp:featuredmedia":[{"embeddable":true,"href":"https:\/\/www.coquard.fr\/es\/wp-json\/wp\/v2\/media\/76033"}],"wp:attachment":[{"href":"https:\/\/www.coquard.fr\/es\/wp-json\/wp\/v2\/media?parent=76027"}],"wp:term":[{"taxonomy":"product_brand","embeddable":true,"href":"https:\/\/www.coquard.fr\/es\/wp-json\/wp\/v2\/product_brand?post=76027"},{"taxonomy":"product_cat","embeddable":true,"href":"https:\/\/www.coquard.fr\/es\/wp-json\/wp\/v2\/product_cat?post=76027"},{"taxonomy":"product_tag","embeddable":true,"href":"https:\/\/www.coquard.fr\/es\/wp-json\/wp\/v2\/product_tag?post=76027"}],"curies":[{"name":"wp","href":"https:\/\/api.w.org\/{rel}","templated":true}]}}