{"id":74328,"date":"2026-01-26T11:31:47","date_gmt":"2026-01-26T10:31:47","guid":{"rendered":"https:\/\/www.coquard.fr\/produit\/lyre-inox-17-cm"},"modified":"2026-01-30T13:49:29","modified_gmt":"2026-01-30T12:49:29","slug":"lyre-inox-17-cm","status":"publish","type":"product","link":"https:\/\/www.coquard.fr\/es\/produit\/lyre-inox-17-cm","title":{"rendered":"LYRE INOX 17 CM"},"content":{"rendered":"<p>Lyre \u00e0 beurre et fromage inox. Longueur de fil 17 cm. Fils de rechange par 10 r\u00e9f\u00e9rence 040GAB. Prix unitaire.<\/p>\n","protected":false},"excerpt":{"rendered":"<p>74328<\/p>\n","protected":false},"featured_media":74331,"comment_status":"closed","ping_status":"closed","template":"","meta":{"_acf_changed":false},"product_brand":[],"product_cat":[1648],"product_tag":[],"class_list":{"0":"post-74328","1":"product","2":"type-product","3":"status-publish","4":"has-post-thumbnail","6":"product_cat-equipo-de-corte","8":"first","9":"instock","10":"taxable","11":"shipping-taxable","12":"purchasable","13":"product-type-simple"},"acf":[],"_links":{"self":[{"href":"https:\/\/www.coquard.fr\/es\/wp-json\/wp\/v2\/product\/74328","targetHints":{"allow":["GET"]}}],"collection":[{"href":"https:\/\/www.coquard.fr\/es\/wp-json\/wp\/v2\/product"}],"about":[{"href":"https:\/\/www.coquard.fr\/es\/wp-json\/wp\/v2\/types\/product"}],"replies":[{"embeddable":true,"href":"https:\/\/www.coquard.fr\/es\/wp-json\/wp\/v2\/comments?post=74328"}],"wp:featuredmedia":[{"embeddable":true,"href":"https:\/\/www.coquard.fr\/es\/wp-json\/wp\/v2\/media\/74331"}],"wp:attachment":[{"href":"https:\/\/www.coquard.fr\/es\/wp-json\/wp\/v2\/media?parent=74328"}],"wp:term":[{"taxonomy":"product_brand","embeddable":true,"href":"https:\/\/www.coquard.fr\/es\/wp-json\/wp\/v2\/product_brand?post=74328"},{"taxonomy":"product_cat","embeddable":true,"href":"https:\/\/www.coquard.fr\/es\/wp-json\/wp\/v2\/product_cat?post=74328"},{"taxonomy":"product_tag","embeddable":true,"href":"https:\/\/www.coquard.fr\/es\/wp-json\/wp\/v2\/product_tag?post=74328"}],"curies":[{"name":"wp","href":"https:\/\/api.w.org\/{rel}","templated":true}]}}