{"id":74047,"date":"2026-01-16T14:06:12","date_gmt":"2026-01-16T13:06:12","guid":{"rendered":"https:\/\/www.coquard.fr\/produit\/transformation-fromagere-caprine-fermiere-livre"},"modified":"2026-03-24T20:22:07","modified_gmt":"2026-03-24T19:22:07","slug":"transformation-fromagere-caprine-fermiere-livre","status":"publish","type":"product","link":"https:\/\/www.coquard.fr\/es\/produit\/transformation-fromagere-caprine-fermiere-livre","title":{"rendered":"TRANSFORMATION FROMAG\u00c8RE CAPRINE FERMI\u00c8RE LIVRE"},"content":{"rendered":"<p>Libro completo dirigido a los ganaderos queseros ya instalados o en proceso de instalaci\u00f3n. Detalla la producci\u00f3n y la transformaci\u00f3n l\u00e1ctea, las legislaciones, el dise\u00f1o y equipamiento de la queser\u00eda. Libro de 348 p\u00e1ginas.<\/p>\n","protected":false},"excerpt":{"rendered":"<p>74047<\/p>\n","protected":false},"featured_media":36181,"comment_status":"closed","ping_status":"closed","template":"","meta":{"_acf_changed":false},"product_brand":[],"product_cat":[1593],"product_tag":[],"class_list":{"0":"post-74047","1":"product","2":"type-product","3":"status-publish","4":"has-post-thumbnail","6":"product_cat-bibliografia","8":"first","9":"instock","10":"taxable","11":"shipping-taxable","12":"purchasable","13":"product-type-simple"},"acf":[],"_links":{"self":[{"href":"https:\/\/www.coquard.fr\/es\/wp-json\/wp\/v2\/product\/74047","targetHints":{"allow":["GET"]}}],"collection":[{"href":"https:\/\/www.coquard.fr\/es\/wp-json\/wp\/v2\/product"}],"about":[{"href":"https:\/\/www.coquard.fr\/es\/wp-json\/wp\/v2\/types\/product"}],"replies":[{"embeddable":true,"href":"https:\/\/www.coquard.fr\/es\/wp-json\/wp\/v2\/comments?post=74047"}],"wp:featuredmedia":[{"embeddable":true,"href":"https:\/\/www.coquard.fr\/es\/wp-json\/wp\/v2\/media\/36181"}],"wp:attachment":[{"href":"https:\/\/www.coquard.fr\/es\/wp-json\/wp\/v2\/media?parent=74047"}],"wp:term":[{"taxonomy":"product_brand","embeddable":true,"href":"https:\/\/www.coquard.fr\/es\/wp-json\/wp\/v2\/product_brand?post=74047"},{"taxonomy":"product_cat","embeddable":true,"href":"https:\/\/www.coquard.fr\/es\/wp-json\/wp\/v2\/product_cat?post=74047"},{"taxonomy":"product_tag","embeddable":true,"href":"https:\/\/www.coquard.fr\/es\/wp-json\/wp\/v2\/product_tag?post=74047"}],"curies":[{"name":"wp","href":"https:\/\/api.w.org\/{rel}","templated":true}]}}