{"id":73505,"date":"2026-01-07T20:19:41","date_gmt":"2026-01-07T19:19:41","guid":{"rendered":"https:\/\/www.coquard.fr\/produit\/laveuse-pour-chariot"},"modified":"2026-04-27T21:21:25","modified_gmt":"2026-04-27T19:21:25","slug":"laveuse-pour-chariot","status":"publish","type":"product","link":"https:\/\/www.coquard.fr\/es\/produit\/laveuse-pour-chariot","title":{"rendered":"LAVADORA PARA CARRITO"},"content":{"rendered":"<p>Este lavador est\u00e1 dise\u00f1ado para contener un carro cargado de diversos materiales. La tarifa incluye la instalaci\u00f3n. Alimentaci\u00f3n 380 Voltios trif\u00e1sico + tierra + neutro. Potencia total 12 kW. Dimensiones exteriores: ancho: 980 mm, profundidad: 1050 mm, altura: 2500 mm.<\/p>\n","protected":false},"excerpt":{"rendered":"<p>73505<\/p>\n","protected":false},"featured_media":0,"comment_status":"closed","ping_status":"closed","template":"","meta":{"_acf_changed":false},"product_brand":[],"product_cat":[1586],"product_tag":[],"class_list":{"0":"post-73505","1":"product","2":"type-product","3":"status-publish","5":"product_cat-lavadora-de-queseria","7":"first","8":"onbackorder","9":"taxable","10":"shipping-taxable","11":"purchasable","12":"product-type-simple"},"acf":[],"_links":{"self":[{"href":"https:\/\/www.coquard.fr\/es\/wp-json\/wp\/v2\/product\/73505","targetHints":{"allow":["GET"]}}],"collection":[{"href":"https:\/\/www.coquard.fr\/es\/wp-json\/wp\/v2\/product"}],"about":[{"href":"https:\/\/www.coquard.fr\/es\/wp-json\/wp\/v2\/types\/product"}],"replies":[{"embeddable":true,"href":"https:\/\/www.coquard.fr\/es\/wp-json\/wp\/v2\/comments?post=73505"}],"wp:attachment":[{"href":"https:\/\/www.coquard.fr\/es\/wp-json\/wp\/v2\/media?parent=73505"}],"wp:term":[{"taxonomy":"product_brand","embeddable":true,"href":"https:\/\/www.coquard.fr\/es\/wp-json\/wp\/v2\/product_brand?post=73505"},{"taxonomy":"product_cat","embeddable":true,"href":"https:\/\/www.coquard.fr\/es\/wp-json\/wp\/v2\/product_cat?post=73505"},{"taxonomy":"product_tag","embeddable":true,"href":"https:\/\/www.coquard.fr\/es\/wp-json\/wp\/v2\/product_tag?post=73505"}],"curies":[{"name":"wp","href":"https:\/\/api.w.org\/{rel}","templated":true}]}}