{"id":73020,"date":"2025-12-11T12:28:47","date_gmt":"2025-12-11T11:28:47","guid":{"rendered":"https:\/\/www.coquard.fr\/produit\/levain-fitbio-nutrimieux-25-kg"},"modified":"2026-02-24T20:12:31","modified_gmt":"2026-02-24T19:12:31","slug":"levain-fitbio-nutrimieux-25-kg","status":"publish","type":"product","link":"https:\/\/www.coquard.fr\/es\/produit\/levain-fitbio-nutrimieux-25-kg","title":{"rendered":"LEVAIN FIT&amp;BIO NUTRIMIEUX 25 KG. PRIX AU KG."},"content":{"rendered":"<p>Ferment de c\u00e9r\u00e9ales pour la bioprotection dans les \u00e9levages, salles de traite, fromageries. Apport dans l&#8217;alimentation des animaux, pulv\u00e9risation sur les liti\u00e8res, en salle de traite, en fromagerie, en cave d&#8217;affinage, apport en saumure. Certifi\u00e9 par FR-BIO-10.  Dosage 1 \u00e0 5 %. Bidon de 25Kg. Prix au Kg.<\/p>\n","protected":false},"excerpt":{"rendered":"<p>73020<\/p>\n","protected":false},"featured_media":73012,"comment_status":"closed","ping_status":"closed","template":"","meta":{"_acf_changed":false},"product_brand":[],"product_cat":[1651],"product_tag":[],"class_list":{"0":"post-73020","1":"product","2":"type-product","3":"status-publish","4":"has-post-thumbnail","6":"product_cat-ferments-pour-elevage-et-fromagerie","8":"first","9":"onbackorder","10":"taxable","11":"shipping-taxable","12":"purchasable","13":"product-type-simple"},"acf":[],"_links":{"self":[{"href":"https:\/\/www.coquard.fr\/es\/wp-json\/wp\/v2\/product\/73020","targetHints":{"allow":["GET"]}}],"collection":[{"href":"https:\/\/www.coquard.fr\/es\/wp-json\/wp\/v2\/product"}],"about":[{"href":"https:\/\/www.coquard.fr\/es\/wp-json\/wp\/v2\/types\/product"}],"replies":[{"embeddable":true,"href":"https:\/\/www.coquard.fr\/es\/wp-json\/wp\/v2\/comments?post=73020"}],"wp:featuredmedia":[{"embeddable":true,"href":"https:\/\/www.coquard.fr\/es\/wp-json\/wp\/v2\/media\/73012"}],"wp:attachment":[{"href":"https:\/\/www.coquard.fr\/es\/wp-json\/wp\/v2\/media?parent=73020"}],"wp:term":[{"taxonomy":"product_brand","embeddable":true,"href":"https:\/\/www.coquard.fr\/es\/wp-json\/wp\/v2\/product_brand?post=73020"},{"taxonomy":"product_cat","embeddable":true,"href":"https:\/\/www.coquard.fr\/es\/wp-json\/wp\/v2\/product_cat?post=73020"},{"taxonomy":"product_tag","embeddable":true,"href":"https:\/\/www.coquard.fr\/es\/wp-json\/wp\/v2\/product_tag?post=73020"}],"curies":[{"name":"wp","href":"https:\/\/api.w.org\/{rel}","templated":true}]}}