{"id":72704,"date":"2025-12-09T13:59:09","date_gmt":"2025-12-09T12:59:09","guid":{"rendered":"https:\/\/www.coquard.fr\/produit\/prepa-liquide-speculoos-nappage-flacon-de-1-kg"},"modified":"2026-01-08T14:39:28","modified_gmt":"2026-01-08T13:39:28","slug":"prepa-liquide-speculoos-nappage-flacon-de-1-kg","status":"publish","type":"product","link":"https:\/\/www.coquard.fr\/es\/produit\/prepa-liquide-speculoos-nappage-flacon-de-1-kg","title":{"rendered":"PREPARACION LIQUIDA DE SPECULOOS \u2013 FRASCO DE 1 kg"},"content":{"rendered":"<p>Preparado l\u00edquido speculoos para cremas de postres, flanes, arroz con leche, etc. Puede a\u00f1adirse en el fondo de los tarros, en capa o en mezcla con el producto. Dosificaci\u00f3n recomendada: 2 a 8 % seg\u00fan los gustos. Frasco de 1 kg. Precio por kg. Tarifa decreciente a partir de 6 kg.<\/p>\n","protected":false},"excerpt":{"rendered":"<p>72704<\/p>\n","protected":false},"featured_media":72707,"comment_status":"closed","ping_status":"closed","template":"","meta":{"_acf_changed":false},"product_brand":[],"product_cat":[1468],"product_tag":[],"class_list":{"0":"post-72704","1":"product","2":"type-product","3":"status-publish","4":"has-post-thumbnail","6":"product_cat-preparacion-para-natas-flanes-postres","8":"first","9":"onbackorder","10":"taxable","11":"shipping-taxable","12":"purchasable","13":"product-type-simple"},"acf":[],"_links":{"self":[{"href":"https:\/\/www.coquard.fr\/es\/wp-json\/wp\/v2\/product\/72704","targetHints":{"allow":["GET"]}}],"collection":[{"href":"https:\/\/www.coquard.fr\/es\/wp-json\/wp\/v2\/product"}],"about":[{"href":"https:\/\/www.coquard.fr\/es\/wp-json\/wp\/v2\/types\/product"}],"replies":[{"embeddable":true,"href":"https:\/\/www.coquard.fr\/es\/wp-json\/wp\/v2\/comments?post=72704"}],"wp:featuredmedia":[{"embeddable":true,"href":"https:\/\/www.coquard.fr\/es\/wp-json\/wp\/v2\/media\/72707"}],"wp:attachment":[{"href":"https:\/\/www.coquard.fr\/es\/wp-json\/wp\/v2\/media?parent=72704"}],"wp:term":[{"taxonomy":"product_brand","embeddable":true,"href":"https:\/\/www.coquard.fr\/es\/wp-json\/wp\/v2\/product_brand?post=72704"},{"taxonomy":"product_cat","embeddable":true,"href":"https:\/\/www.coquard.fr\/es\/wp-json\/wp\/v2\/product_cat?post=72704"},{"taxonomy":"product_tag","embeddable":true,"href":"https:\/\/www.coquard.fr\/es\/wp-json\/wp\/v2\/product_tag?post=72704"}],"curies":[{"name":"wp","href":"https:\/\/api.w.org\/{rel}","templated":true}]}}