{"id":72633,"date":"2025-12-08T16:59:50","date_gmt":"2025-12-08T15:59:50","guid":{"rendered":"https:\/\/www.coquard.fr\/produit\/pate-banane-pour-glace"},"modified":"2026-01-08T14:40:52","modified_gmt":"2026-01-08T13:40:52","slug":"pate-banane-pour-glace","status":"publish","type":"product","link":"https:\/\/www.coquard.fr\/es\/produit\/pate-banane-pour-glace","title":{"rendered":"PATE BANANE POUR GLACE"},"content":{"rendered":"<p>P\u00e2te d&#8217;aromatisation \u00e0 la banane pour fabriquer vos glaces \u00e0 la ferme. Dosage entre 5 et 7% environ dans la base de pr\u00e9paration neutre. Un pot de 1.15 kg convient pour 17.60 \u00e0 24.15  kg de glace. prix par pot de 1.15 kg. Carton de 6 pots.<\/p>\n","protected":false},"excerpt":{"rendered":"<p>72633<\/p>\n","protected":false},"featured_media":73002,"comment_status":"closed","ping_status":"closed","template":"","meta":{"_acf_changed":false},"product_brand":[],"product_cat":[1545],"product_tag":[],"class_list":{"0":"post-72633","1":"product","2":"type-product","3":"status-publish","4":"has-post-thumbnail","6":"product_cat-non-classe-es","8":"first","9":"instock","10":"taxable","11":"shipping-taxable","12":"purchasable","13":"product-type-simple"},"acf":[],"_links":{"self":[{"href":"https:\/\/www.coquard.fr\/es\/wp-json\/wp\/v2\/product\/72633","targetHints":{"allow":["GET"]}}],"collection":[{"href":"https:\/\/www.coquard.fr\/es\/wp-json\/wp\/v2\/product"}],"about":[{"href":"https:\/\/www.coquard.fr\/es\/wp-json\/wp\/v2\/types\/product"}],"replies":[{"embeddable":true,"href":"https:\/\/www.coquard.fr\/es\/wp-json\/wp\/v2\/comments?post=72633"}],"wp:featuredmedia":[{"embeddable":true,"href":"https:\/\/www.coquard.fr\/es\/wp-json\/wp\/v2\/media\/73002"}],"wp:attachment":[{"href":"https:\/\/www.coquard.fr\/es\/wp-json\/wp\/v2\/media?parent=72633"}],"wp:term":[{"taxonomy":"product_brand","embeddable":true,"href":"https:\/\/www.coquard.fr\/es\/wp-json\/wp\/v2\/product_brand?post=72633"},{"taxonomy":"product_cat","embeddable":true,"href":"https:\/\/www.coquard.fr\/es\/wp-json\/wp\/v2\/product_cat?post=72633"},{"taxonomy":"product_tag","embeddable":true,"href":"https:\/\/www.coquard.fr\/es\/wp-json\/wp\/v2\/product_tag?post=72633"}],"curies":[{"name":"wp","href":"https:\/\/api.w.org\/{rel}","templated":true}]}}