{"id":72626,"date":"2025-12-08T16:54:35","date_gmt":"2025-12-08T15:54:35","guid":{"rendered":"https:\/\/www.coquard.fr\/produit\/pate-cafe-moka-pour-glace"},"modified":"2026-01-08T14:40:37","modified_gmt":"2026-01-08T13:40:37","slug":"pate-cafe-moka-pour-glace","status":"publish","type":"product","link":"https:\/\/www.coquard.fr\/es\/produit\/pate-cafe-moka-pour-glace","title":{"rendered":"PATE CAFE MOKA POUR GLACE"},"content":{"rendered":"<p>P\u00e2te d&#8217;aromatisation MOKA au caf\u00e9. Dosage de 6% environ dans la base de pr\u00e9paration neutre. Un pot de 1.15 kg convient pour 20.30 kg de glace. Prix par pot de 1.15 kg. Carton de 6 pots.<\/p>\n","protected":false},"excerpt":{"rendered":"<p>72626<\/p>\n","protected":false},"featured_media":72992,"comment_status":"closed","ping_status":"closed","template":"","meta":{"_acf_changed":false},"product_brand":[],"product_cat":[1625],"product_tag":[],"class_list":{"0":"post-72626","1":"product","2":"type-product","3":"status-publish","4":"has-post-thumbnail","6":"product_cat-preparation-pour-glaces-es","8":"first","9":"onbackorder","10":"taxable","11":"shipping-taxable","12":"purchasable","13":"product-type-simple"},"acf":[],"_links":{"self":[{"href":"https:\/\/www.coquard.fr\/es\/wp-json\/wp\/v2\/product\/72626","targetHints":{"allow":["GET"]}}],"collection":[{"href":"https:\/\/www.coquard.fr\/es\/wp-json\/wp\/v2\/product"}],"about":[{"href":"https:\/\/www.coquard.fr\/es\/wp-json\/wp\/v2\/types\/product"}],"replies":[{"embeddable":true,"href":"https:\/\/www.coquard.fr\/es\/wp-json\/wp\/v2\/comments?post=72626"}],"wp:featuredmedia":[{"embeddable":true,"href":"https:\/\/www.coquard.fr\/es\/wp-json\/wp\/v2\/media\/72992"}],"wp:attachment":[{"href":"https:\/\/www.coquard.fr\/es\/wp-json\/wp\/v2\/media?parent=72626"}],"wp:term":[{"taxonomy":"product_brand","embeddable":true,"href":"https:\/\/www.coquard.fr\/es\/wp-json\/wp\/v2\/product_brand?post=72626"},{"taxonomy":"product_cat","embeddable":true,"href":"https:\/\/www.coquard.fr\/es\/wp-json\/wp\/v2\/product_cat?post=72626"},{"taxonomy":"product_tag","embeddable":true,"href":"https:\/\/www.coquard.fr\/es\/wp-json\/wp\/v2\/product_tag?post=72626"}],"curies":[{"name":"wp","href":"https:\/\/api.w.org\/{rel}","templated":true}]}}