{"id":72585,"date":"2025-12-08T14:44:07","date_gmt":"2025-12-08T13:44:07","guid":{"rendered":"https:\/\/www.coquard.fr\/produit\/cir-enrob-incolore-a-chaud-25-kg"},"modified":"2026-01-30T13:03:45","modified_gmt":"2026-01-30T12:03:45","slug":"cir-enrob-incolore-a-chaud-25-kg","status":"publish","type":"product","link":"https:\/\/www.coquard.fr\/es\/produit\/cir-enrob-incolore-a-chaud-25-kg","title":{"rendered":"CIR ENROB ENCOLORO EN CALIENTE. 25 Kg."},"content":{"rendered":"<p>Cera incolora para adici\u00f3n de colorante. Protege los quesos de la desecaci\u00f3n y los mohos, garantizando una presentaci\u00f3n atractiva. Se aplica en caliente. Apto para contacto con alimentos. Acondicionado en planchas de 25 kg. Precio por kg.<\/p>\n","protected":false},"excerpt":{"rendered":"<p>72585<\/p>\n","protected":false},"featured_media":72591,"comment_status":"closed","ping_status":"closed","template":"","meta":{"_acf_changed":false},"product_brand":[],"product_cat":[1463],"product_tag":[],"class_list":{"0":"post-72585","1":"product","2":"type-product","3":"status-publish","4":"has-post-thumbnail","6":"product_cat-coberturas-y-colorantes","8":"first","9":"instock","10":"taxable","11":"shipping-taxable","12":"purchasable","13":"product-type-simple"},"acf":[],"_links":{"self":[{"href":"https:\/\/www.coquard.fr\/es\/wp-json\/wp\/v2\/product\/72585","targetHints":{"allow":["GET"]}}],"collection":[{"href":"https:\/\/www.coquard.fr\/es\/wp-json\/wp\/v2\/product"}],"about":[{"href":"https:\/\/www.coquard.fr\/es\/wp-json\/wp\/v2\/types\/product"}],"replies":[{"embeddable":true,"href":"https:\/\/www.coquard.fr\/es\/wp-json\/wp\/v2\/comments?post=72585"}],"wp:featuredmedia":[{"embeddable":true,"href":"https:\/\/www.coquard.fr\/es\/wp-json\/wp\/v2\/media\/72591"}],"wp:attachment":[{"href":"https:\/\/www.coquard.fr\/es\/wp-json\/wp\/v2\/media?parent=72585"}],"wp:term":[{"taxonomy":"product_brand","embeddable":true,"href":"https:\/\/www.coquard.fr\/es\/wp-json\/wp\/v2\/product_brand?post=72585"},{"taxonomy":"product_cat","embeddable":true,"href":"https:\/\/www.coquard.fr\/es\/wp-json\/wp\/v2\/product_cat?post=72585"},{"taxonomy":"product_tag","embeddable":true,"href":"https:\/\/www.coquard.fr\/es\/wp-json\/wp\/v2\/product_tag?post=72585"}],"curies":[{"name":"wp","href":"https:\/\/api.w.org\/{rel}","templated":true}]}}