{"id":70989,"date":"2025-09-17T16:09:58","date_gmt":"2025-09-17T14:09:58","guid":{"rendered":"https:\/\/www.coquard.fr\/produit\/piqueuse-de-table-manuelle-3-a-5-pointes"},"modified":"2026-01-08T15:03:30","modified_gmt":"2026-01-08T14:03:30","slug":"piqueuse-de-table-manuelle-3-a-5-pointes","status":"publish","type":"product","link":"https:\/\/www.coquard.fr\/es\/produit\/piqueuse-de-table-manuelle-3-a-5-pointes","title":{"rendered":"PINCHADORA DE MESA MANUAL 2 A 5 AGUJAS"},"content":{"rendered":"<p>Para el picado de quesos de pasta azul. Se fija sobre una mesa. Di\u00e1metro de las agujas 3mm. Posibilita el trabajo con 2, 3, 4 o 5 agujas seg\u00fan el tama\u00f1o, la elasticidad y la temperatura del queso. Tama\u00f1o m\u00e1ximo de los quesos 150 mm de di\u00e1metro \/ 130 mm de altura.<\/p>\n","protected":false},"excerpt":{"rendered":"<p>70989<\/p>\n","protected":false},"featured_media":73969,"comment_status":"closed","ping_status":"closed","template":"","meta":{"_acf_changed":false},"product_brand":[],"product_cat":[1638,1519],"product_tag":[],"class_list":{"0":"post-70989","1":"product","2":"type-product","3":"status-publish","4":"has-post-thumbnail","6":"product_cat-destockage-es","7":"product_cat-prensas-pinchadoras-salmuera-para-queso","9":"first","10":"onbackorder","11":"sale","12":"taxable","13":"shipping-taxable","14":"purchasable","15":"product-type-simple"},"acf":[],"_links":{"self":[{"href":"https:\/\/www.coquard.fr\/es\/wp-json\/wp\/v2\/product\/70989","targetHints":{"allow":["GET"]}}],"collection":[{"href":"https:\/\/www.coquard.fr\/es\/wp-json\/wp\/v2\/product"}],"about":[{"href":"https:\/\/www.coquard.fr\/es\/wp-json\/wp\/v2\/types\/product"}],"replies":[{"embeddable":true,"href":"https:\/\/www.coquard.fr\/es\/wp-json\/wp\/v2\/comments?post=70989"}],"wp:featuredmedia":[{"embeddable":true,"href":"https:\/\/www.coquard.fr\/es\/wp-json\/wp\/v2\/media\/73969"}],"wp:attachment":[{"href":"https:\/\/www.coquard.fr\/es\/wp-json\/wp\/v2\/media?parent=70989"}],"wp:term":[{"taxonomy":"product_brand","embeddable":true,"href":"https:\/\/www.coquard.fr\/es\/wp-json\/wp\/v2\/product_brand?post=70989"},{"taxonomy":"product_cat","embeddable":true,"href":"https:\/\/www.coquard.fr\/es\/wp-json\/wp\/v2\/product_cat?post=70989"},{"taxonomy":"product_tag","embeddable":true,"href":"https:\/\/www.coquard.fr\/es\/wp-json\/wp\/v2\/product_tag?post=70989"}],"curies":[{"name":"wp","href":"https:\/\/api.w.org\/{rel}","templated":true}]}}