{"id":69623,"date":"2025-07-10T15:50:13","date_gmt":"2025-07-10T13:50:13","guid":{"rendered":"https:\/\/www.coquard.fr\/produit\/dwy-11-10-uc-lyophilise"},"modified":"2026-01-12T20:10:18","modified_gmt":"2026-01-12T19:10:18","slug":"dwy-11-10-uc-lyophilise","status":"publish","type":"product","link":"https:\/\/www.coquard.fr\/es\/produit\/dwy-11-10-uc-lyophilise","title":{"rendered":"DWY 11 \u2013 10 UC LYOPHILISE"},"content":{"rendered":"<p>Gamme SACCO, m\u00e9lange de souches essentiellement m\u00e9sophiles h\u00e9t\u00e9rofermentaires tr\u00e8s aromatiques. Ce ferment lactique est compos\u00e9 de Lactococcus diacetylactis, Leuconostoc mesenteroides cremoris. Utilisation : cr\u00e8me et beurre, p\u00e2te press\u00e9e, p\u00e2te molle, fromage frais, caill\u00e9s lactiques.  Dosage recommand\u00e9 : 10 UC pour 500 \u00e0 1000 litres. Vendu au sachet.                 <\/p>\n","protected":false},"excerpt":{"rendered":"<p>69623<\/p>\n","protected":false},"featured_media":69626,"comment_status":"closed","ping_status":"closed","template":"","meta":{"_acf_changed":false},"product_brand":[],"product_cat":[1555],"product_tag":[],"class_list":{"0":"post-69623","1":"product","2":"type-product","3":"status-publish","4":"has-post-thumbnail","6":"product_cat-fermentos-lacticos-y-de-maduracion-csl","8":"first","9":"onbackorder","10":"taxable","11":"shipping-taxable","12":"purchasable","13":"product-type-simple"},"acf":[],"_links":{"self":[{"href":"https:\/\/www.coquard.fr\/es\/wp-json\/wp\/v2\/product\/69623","targetHints":{"allow":["GET"]}}],"collection":[{"href":"https:\/\/www.coquard.fr\/es\/wp-json\/wp\/v2\/product"}],"about":[{"href":"https:\/\/www.coquard.fr\/es\/wp-json\/wp\/v2\/types\/product"}],"replies":[{"embeddable":true,"href":"https:\/\/www.coquard.fr\/es\/wp-json\/wp\/v2\/comments?post=69623"}],"wp:featuredmedia":[{"embeddable":true,"href":"https:\/\/www.coquard.fr\/es\/wp-json\/wp\/v2\/media\/69626"}],"wp:attachment":[{"href":"https:\/\/www.coquard.fr\/es\/wp-json\/wp\/v2\/media?parent=69623"}],"wp:term":[{"taxonomy":"product_brand","embeddable":true,"href":"https:\/\/www.coquard.fr\/es\/wp-json\/wp\/v2\/product_brand?post=69623"},{"taxonomy":"product_cat","embeddable":true,"href":"https:\/\/www.coquard.fr\/es\/wp-json\/wp\/v2\/product_cat?post=69623"},{"taxonomy":"product_tag","embeddable":true,"href":"https:\/\/www.coquard.fr\/es\/wp-json\/wp\/v2\/product_tag?post=69623"}],"curies":[{"name":"wp","href":"https:\/\/api.w.org\/{rel}","templated":true}]}}