{"id":69403,"date":"2025-06-30T21:18:44","date_gmt":"2025-06-30T19:18:44","guid":{"rendered":"https:\/\/www.coquard.fr\/produit\/laveuse-fromagerie-fermiere-nouvelle-generation-2025"},"modified":"2026-02-20T20:19:51","modified_gmt":"2026-02-20T19:19:51","slug":"laveuse-fromagerie-fermiere-nouvelle-generation-2025","status":"publish","type":"product","link":"https:\/\/www.coquard.fr\/es\/produit\/laveuse-fromagerie-fermiere-nouvelle-generation-2025","title":{"rendered":"LAVEUSE FROMAGERIE FERMIERE NOUVELLE GENERATION 2025"},"content":{"rendered":"<p>Lavavajillas adaptado para el lavado del material de queser\u00eda, como recipientes 73 litros y ca\u00f1izos 630 x 510 mm. Fabricaci\u00f3n completa en acero inoxidable, doble pared. Apertura doble guillotina y con balanc\u00edn que facilita la apertura de la puerta. Potencia total: 11.2 kW. Alimentaci\u00f3n trif\u00e1sica 400 Voltios\/50Hz, 3 cables + neutro + tierra. Entregada con 1 cesta de acero inoxidable.<\/p>\n","protected":false},"excerpt":{"rendered":"<p>69403<\/p>\n","protected":false},"featured_media":69455,"comment_status":"closed","ping_status":"closed","template":"","meta":{"_acf_changed":false},"product_brand":[],"product_cat":[1586],"product_tag":[],"class_list":{"0":"post-69403","1":"product","2":"type-product","3":"status-publish","4":"has-post-thumbnail","6":"product_cat-lavadora-de-queseria","8":"first","9":"onbackorder","10":"taxable","11":"shipping-taxable","12":"purchasable","13":"product-type-simple"},"acf":[],"_links":{"self":[{"href":"https:\/\/www.coquard.fr\/es\/wp-json\/wp\/v2\/product\/69403","targetHints":{"allow":["GET"]}}],"collection":[{"href":"https:\/\/www.coquard.fr\/es\/wp-json\/wp\/v2\/product"}],"about":[{"href":"https:\/\/www.coquard.fr\/es\/wp-json\/wp\/v2\/types\/product"}],"replies":[{"embeddable":true,"href":"https:\/\/www.coquard.fr\/es\/wp-json\/wp\/v2\/comments?post=69403"}],"wp:featuredmedia":[{"embeddable":true,"href":"https:\/\/www.coquard.fr\/es\/wp-json\/wp\/v2\/media\/69455"}],"wp:attachment":[{"href":"https:\/\/www.coquard.fr\/es\/wp-json\/wp\/v2\/media?parent=69403"}],"wp:term":[{"taxonomy":"product_brand","embeddable":true,"href":"https:\/\/www.coquard.fr\/es\/wp-json\/wp\/v2\/product_brand?post=69403"},{"taxonomy":"product_cat","embeddable":true,"href":"https:\/\/www.coquard.fr\/es\/wp-json\/wp\/v2\/product_cat?post=69403"},{"taxonomy":"product_tag","embeddable":true,"href":"https:\/\/www.coquard.fr\/es\/wp-json\/wp\/v2\/product_tag?post=69403"}],"curies":[{"name":"wp","href":"https:\/\/api.w.org\/{rel}","templated":true}]}}