{"id":68844,"date":"2025-06-05T11:52:44","date_gmt":"2025-06-05T09:52:44","guid":{"rendered":"https:\/\/www.coquard.fr\/produit\/thermometre-etanche-plongeant-300-mm"},"modified":"2026-01-08T15:34:09","modified_gmt":"2026-01-08T14:34:09","slug":"thermometre-etanche-plongeant-300-mm","status":"publish","type":"product","link":"https:\/\/www.coquard.fr\/es\/produit\/thermometre-etanche-plongeant-300-mm","title":{"rendered":"TERM\u00d3METRO ESTANCO SUMERGIBLE 300 mm"},"content":{"rendered":"<p>Term\u00f3metro digital estanco de acero inoxidable para cuba de fabricaci\u00f3n. Alimentaci\u00f3n por pila de litio. Visualizaci\u00f3n de la temperatura en panel digital, longitud de sonda: 300 mm.<\/p>\n","protected":false},"excerpt":{"rendered":"<p>68844<\/p>\n","protected":false},"featured_media":73954,"comment_status":"closed","ping_status":"closed","template":"","meta":{"_acf_changed":false},"product_brand":[],"product_cat":[1638,1587],"product_tag":[],"class_list":{"0":"post-68844","1":"product","2":"type-product","3":"status-publish","4":"has-post-thumbnail","6":"product_cat-destockage-es","7":"product_cat-material-de-controla","9":"first","10":"instock","11":"sale","12":"taxable","13":"shipping-taxable","14":"purchasable","15":"product-type-simple"},"acf":[],"_links":{"self":[{"href":"https:\/\/www.coquard.fr\/es\/wp-json\/wp\/v2\/product\/68844","targetHints":{"allow":["GET"]}}],"collection":[{"href":"https:\/\/www.coquard.fr\/es\/wp-json\/wp\/v2\/product"}],"about":[{"href":"https:\/\/www.coquard.fr\/es\/wp-json\/wp\/v2\/types\/product"}],"replies":[{"embeddable":true,"href":"https:\/\/www.coquard.fr\/es\/wp-json\/wp\/v2\/comments?post=68844"}],"wp:featuredmedia":[{"embeddable":true,"href":"https:\/\/www.coquard.fr\/es\/wp-json\/wp\/v2\/media\/73954"}],"wp:attachment":[{"href":"https:\/\/www.coquard.fr\/es\/wp-json\/wp\/v2\/media?parent=68844"}],"wp:term":[{"taxonomy":"product_brand","embeddable":true,"href":"https:\/\/www.coquard.fr\/es\/wp-json\/wp\/v2\/product_brand?post=68844"},{"taxonomy":"product_cat","embeddable":true,"href":"https:\/\/www.coquard.fr\/es\/wp-json\/wp\/v2\/product_cat?post=68844"},{"taxonomy":"product_tag","embeddable":true,"href":"https:\/\/www.coquard.fr\/es\/wp-json\/wp\/v2\/product_tag?post=68844"}],"curies":[{"name":"wp","href":"https:\/\/api.w.org\/{rel}","templated":true}]}}