{"id":68297,"date":"2025-05-14T10:39:51","date_gmt":"2025-05-14T08:39:51","guid":{"rendered":"https:\/\/www.coquard.fr\/produit\/robinet-pince-inox-pour-tuyau-souple-10-15-mm"},"modified":"2026-01-30T13:10:17","modified_gmt":"2026-01-30T12:10:17","slug":"robinet-pince-inox-pour-tuyau-souple-10-15-mm","status":"publish","type":"product","link":"https:\/\/www.coquard.fr\/es\/produit\/robinet-pince-inox-pour-tuyau-souple-10-15-mm","title":{"rendered":"ROBINET PINCE INOX POUR TUYAU SOUPLE 10-15 MM"},"content":{"rendered":"<p>Pince manuelle inox pour dosage de liquide, pour le remplissage manuel de pots de yaourt \u00e0 partir d&#8217;une cuve ou r\u00e9cipient en hauteur. Pince utilisable avec tuyau Silicone de 10 \u00e0 15 mm de diam\u00e8tre ext\u00e9rieur, r\u00e9f. 047LQD. Prix unitaire.<\/p>\n","protected":false},"excerpt":{"rendered":"<p>68297<\/p>\n","protected":false},"featured_media":68301,"comment_status":"closed","ping_status":"closed","template":"","meta":{"_acf_changed":false},"product_brand":[],"product_cat":[1501],"product_tag":[],"class_list":{"0":"post-68297","1":"product","2":"type-product","3":"status-publish","4":"has-post-thumbnail","6":"product_cat-dosificacion-y-llenado","8":"first","9":"instock","10":"taxable","11":"shipping-taxable","12":"purchasable","13":"product-type-simple"},"acf":[],"_links":{"self":[{"href":"https:\/\/www.coquard.fr\/es\/wp-json\/wp\/v2\/product\/68297","targetHints":{"allow":["GET"]}}],"collection":[{"href":"https:\/\/www.coquard.fr\/es\/wp-json\/wp\/v2\/product"}],"about":[{"href":"https:\/\/www.coquard.fr\/es\/wp-json\/wp\/v2\/types\/product"}],"replies":[{"embeddable":true,"href":"https:\/\/www.coquard.fr\/es\/wp-json\/wp\/v2\/comments?post=68297"}],"wp:featuredmedia":[{"embeddable":true,"href":"https:\/\/www.coquard.fr\/es\/wp-json\/wp\/v2\/media\/68301"}],"wp:attachment":[{"href":"https:\/\/www.coquard.fr\/es\/wp-json\/wp\/v2\/media?parent=68297"}],"wp:term":[{"taxonomy":"product_brand","embeddable":true,"href":"https:\/\/www.coquard.fr\/es\/wp-json\/wp\/v2\/product_brand?post=68297"},{"taxonomy":"product_cat","embeddable":true,"href":"https:\/\/www.coquard.fr\/es\/wp-json\/wp\/v2\/product_cat?post=68297"},{"taxonomy":"product_tag","embeddable":true,"href":"https:\/\/www.coquard.fr\/es\/wp-json\/wp\/v2\/product_tag?post=68297"}],"curies":[{"name":"wp","href":"https:\/\/api.w.org\/{rel}","templated":true}]}}