{"id":67474,"date":"2025-04-15T11:49:36","date_gmt":"2025-04-15T09:49:36","guid":{"rendered":"https:\/\/www.coquard.fr\/produit\/disque-buvard-d-91"},"modified":"2026-01-08T15:52:46","modified_gmt":"2026-01-08T14:52:46","slug":"disque-buvard-d-91","status":"publish","type":"product","link":"https:\/\/www.coquard.fr\/es\/produit\/disque-buvard-d-91","title":{"rendered":"DISCO DE PAPEL D. 91"},"content":{"rendered":"<p>Disco tratado con sorbato pot\u00e1sico (E202), permite mejorar la presentaci\u00f3n y luchar contra el desarrollo de los mohos superficiales y las levaduras. No autorizado en agricultura ecol\u00f3gica. Se usa conjuntamente con Gama 21, 22 y 23. Di\u00e1metro: 91 mm. Paquete de 500.<\/p>\n","protected":false},"excerpt":{"rendered":"<p>67474<\/p>\n","protected":false},"featured_media":67492,"comment_status":"closed","ping_status":"closed","template":"","meta":{"_acf_changed":false},"product_brand":[],"product_cat":[1574],"product_tag":[],"class_list":{"0":"post-67474","1":"product","2":"type-product","3":"status-publish","4":"has-post-thumbnail","6":"product_cat-discos-de-papel","8":"first","9":"onbackorder","10":"taxable","11":"shipping-taxable","12":"purchasable","13":"product-type-simple"},"acf":[],"_links":{"self":[{"href":"https:\/\/www.coquard.fr\/es\/wp-json\/wp\/v2\/product\/67474","targetHints":{"allow":["GET"]}}],"collection":[{"href":"https:\/\/www.coquard.fr\/es\/wp-json\/wp\/v2\/product"}],"about":[{"href":"https:\/\/www.coquard.fr\/es\/wp-json\/wp\/v2\/types\/product"}],"replies":[{"embeddable":true,"href":"https:\/\/www.coquard.fr\/es\/wp-json\/wp\/v2\/comments?post=67474"}],"wp:featuredmedia":[{"embeddable":true,"href":"https:\/\/www.coquard.fr\/es\/wp-json\/wp\/v2\/media\/67492"}],"wp:attachment":[{"href":"https:\/\/www.coquard.fr\/es\/wp-json\/wp\/v2\/media?parent=67474"}],"wp:term":[{"taxonomy":"product_brand","embeddable":true,"href":"https:\/\/www.coquard.fr\/es\/wp-json\/wp\/v2\/product_brand?post=67474"},{"taxonomy":"product_cat","embeddable":true,"href":"https:\/\/www.coquard.fr\/es\/wp-json\/wp\/v2\/product_cat?post=67474"},{"taxonomy":"product_tag","embeddable":true,"href":"https:\/\/www.coquard.fr\/es\/wp-json\/wp\/v2\/product_tag?post=67474"}],"curies":[{"name":"wp","href":"https:\/\/api.w.org\/{rel}","templated":true}]}}