{"id":65825,"date":"2025-02-12T15:57:27","date_gmt":"2025-02-12T14:57:27","guid":{"rendered":"https:\/\/www.coquard.fr\/produit\/pate-rocher-pour-glace"},"modified":"2026-01-08T14:40:41","modified_gmt":"2026-01-08T13:40:41","slug":"pate-rocher-pour-glace","status":"publish","type":"product","link":"https:\/\/www.coquard.fr\/es\/produit\/pate-rocher-pour-glace","title":{"rendered":"PASTA DE ROCA PARA HELADO"},"content":{"rendered":"<p>Pasta aromatizante de cacao y avellanas con trocitos. A\u00f1ade trocitos crujientes y sabrosos a su helado. Puede utilizarse sola o como complemento de las pastas aromatizantes. Dosificaci\u00f3n aproximada del 3% al 6% en la base neutra de preparaci\u00f3n, a a\u00f1adir antes o despu\u00e9s del batido seg\u00fan la receta y el equipo. Una tarrina de 1,15 kg es adecuada para 20 a 40 kg de helado. Precio por tarrina de 1,15 kg. Precio reducido a partir de 6 tarrinas.<\/p>\n","protected":false},"excerpt":{"rendered":"<p>65825<\/p>\n","protected":false},"featured_media":55396,"comment_status":"closed","ping_status":"closed","template":"","meta":{"_acf_changed":false},"product_brand":[],"product_cat":[1625],"product_tag":[],"class_list":{"0":"post-65825","1":"product","2":"type-product","3":"status-publish","4":"has-post-thumbnail","6":"product_cat-preparation-pour-glaces-es","8":"first","9":"instock","10":"taxable","11":"shipping-taxable","12":"purchasable","13":"product-type-simple"},"acf":[],"_links":{"self":[{"href":"https:\/\/www.coquard.fr\/es\/wp-json\/wp\/v2\/product\/65825","targetHints":{"allow":["GET"]}}],"collection":[{"href":"https:\/\/www.coquard.fr\/es\/wp-json\/wp\/v2\/product"}],"about":[{"href":"https:\/\/www.coquard.fr\/es\/wp-json\/wp\/v2\/types\/product"}],"replies":[{"embeddable":true,"href":"https:\/\/www.coquard.fr\/es\/wp-json\/wp\/v2\/comments?post=65825"}],"wp:featuredmedia":[{"embeddable":true,"href":"https:\/\/www.coquard.fr\/es\/wp-json\/wp\/v2\/media\/55396"}],"wp:attachment":[{"href":"https:\/\/www.coquard.fr\/es\/wp-json\/wp\/v2\/media?parent=65825"}],"wp:term":[{"taxonomy":"product_brand","embeddable":true,"href":"https:\/\/www.coquard.fr\/es\/wp-json\/wp\/v2\/product_brand?post=65825"},{"taxonomy":"product_cat","embeddable":true,"href":"https:\/\/www.coquard.fr\/es\/wp-json\/wp\/v2\/product_cat?post=65825"},{"taxonomy":"product_tag","embeddable":true,"href":"https:\/\/www.coquard.fr\/es\/wp-json\/wp\/v2\/product_tag?post=65825"}],"curies":[{"name":"wp","href":"https:\/\/api.w.org\/{rel}","templated":true}]}}