{"id":65409,"date":"2025-02-03T14:31:40","date_gmt":"2025-02-03T13:31:40","guid":{"rendered":"https:\/\/www.coquard.fr\/produit\/pate-myrtille-pour-glace"},"modified":"2026-01-08T14:40:48","modified_gmt":"2026-01-08T13:40:48","slug":"pate-myrtille-pour-glace","status":"publish","type":"product","link":"https:\/\/www.coquard.fr\/es\/produit\/pate-myrtille-pour-glace","title":{"rendered":"PASTA DE ARANDANOS PARA HELADO"},"content":{"rendered":"<p>Pasta aromatizante de ar\u00e1ndanos para preparar sus propios helados en la granja. Dosificaci\u00f3n entre 5 y 7% en la base neutra de preparaci\u00f3n. Un tarro de 1,15 kg es adecuado para 17,60 a 24,15 kg de helado. Precio por tarro de 1,15 kg. Caja de 6 tarros.<\/p>\n","protected":false},"excerpt":{"rendered":"<p>65409<\/p>\n","protected":false},"featured_media":64675,"comment_status":"closed","ping_status":"closed","template":"","meta":{"_acf_changed":false},"product_brand":[],"product_cat":[1625],"product_tag":[],"class_list":{"0":"post-65409","1":"product","2":"type-product","3":"status-publish","4":"has-post-thumbnail","6":"product_cat-preparation-pour-glaces-es","8":"first","9":"instock","10":"taxable","11":"shipping-taxable","12":"purchasable","13":"product-type-simple"},"acf":[],"_links":{"self":[{"href":"https:\/\/www.coquard.fr\/es\/wp-json\/wp\/v2\/product\/65409","targetHints":{"allow":["GET"]}}],"collection":[{"href":"https:\/\/www.coquard.fr\/es\/wp-json\/wp\/v2\/product"}],"about":[{"href":"https:\/\/www.coquard.fr\/es\/wp-json\/wp\/v2\/types\/product"}],"replies":[{"embeddable":true,"href":"https:\/\/www.coquard.fr\/es\/wp-json\/wp\/v2\/comments?post=65409"}],"wp:featuredmedia":[{"embeddable":true,"href":"https:\/\/www.coquard.fr\/es\/wp-json\/wp\/v2\/media\/64675"}],"wp:attachment":[{"href":"https:\/\/www.coquard.fr\/es\/wp-json\/wp\/v2\/media?parent=65409"}],"wp:term":[{"taxonomy":"product_brand","embeddable":true,"href":"https:\/\/www.coquard.fr\/es\/wp-json\/wp\/v2\/product_brand?post=65409"},{"taxonomy":"product_cat","embeddable":true,"href":"https:\/\/www.coquard.fr\/es\/wp-json\/wp\/v2\/product_cat?post=65409"},{"taxonomy":"product_tag","embeddable":true,"href":"https:\/\/www.coquard.fr\/es\/wp-json\/wp\/v2\/product_tag?post=65409"}],"curies":[{"name":"wp","href":"https:\/\/api.w.org\/{rel}","templated":true}]}}