{"id":65379,"date":"2025-02-03T09:54:23","date_gmt":"2025-02-03T08:54:23","guid":{"rendered":"https:\/\/www.coquard.fr\/produit\/vitrine-refrigeree-1520-mm-pour-magasin"},"modified":"2026-03-11T16:51:50","modified_gmt":"2026-03-11T15:51:50","slug":"vitrine-refrigeree-1520-mm-pour-magasin","status":"publish","type":"product","link":"https:\/\/www.coquard.fr\/es\/produit\/vitrine-refrigeree-1520-mm-pour-magasin","title":{"rendered":"VITRINA REFRIGERADA PARA TIENDA DE VENTA"},"content":{"rendered":"<p>Vitrina de venta y exposici\u00f3n de productos frescos, con 2 paneles de cristal curvados correderos en la parte delantera, iluminaci\u00f3n de ne\u00f3n, almac\u00e9n refrigerado debajo con 2 puertas. Superficie de exposici\u00f3n para productos frescos 1440 x 560 mm. Temperatura de +2 a +8\u00b0C. Enfriamiento semi-ventilado, unidad de potencia 480 W, gas R490, termostato electr\u00f3nico. Dimensiones exteriores: longitud 1520, profundidad 900, altura 1262 mm. Alimentaci\u00f3n 230 V. 50 Hz. Ventanas traseras correderas opcionales 200MAB.<\/p>\n","protected":false},"excerpt":{"rendered":"<p>65379<\/p>\n","protected":false},"featured_media":65385,"comment_status":"closed","ping_status":"closed","template":"","meta":{"_acf_changed":false},"product_brand":[],"product_cat":[1599],"product_tag":[],"class_list":{"0":"post-65379","1":"product","2":"type-product","3":"status-publish","4":"has-post-thumbnail","6":"product_cat-vitrina-de-mercado","8":"first","9":"onbackorder","10":"taxable","11":"shipping-taxable","12":"purchasable","13":"product-type-simple"},"acf":[],"_links":{"self":[{"href":"https:\/\/www.coquard.fr\/es\/wp-json\/wp\/v2\/product\/65379","targetHints":{"allow":["GET"]}}],"collection":[{"href":"https:\/\/www.coquard.fr\/es\/wp-json\/wp\/v2\/product"}],"about":[{"href":"https:\/\/www.coquard.fr\/es\/wp-json\/wp\/v2\/types\/product"}],"replies":[{"embeddable":true,"href":"https:\/\/www.coquard.fr\/es\/wp-json\/wp\/v2\/comments?post=65379"}],"wp:featuredmedia":[{"embeddable":true,"href":"https:\/\/www.coquard.fr\/es\/wp-json\/wp\/v2\/media\/65385"}],"wp:attachment":[{"href":"https:\/\/www.coquard.fr\/es\/wp-json\/wp\/v2\/media?parent=65379"}],"wp:term":[{"taxonomy":"product_brand","embeddable":true,"href":"https:\/\/www.coquard.fr\/es\/wp-json\/wp\/v2\/product_brand?post=65379"},{"taxonomy":"product_cat","embeddable":true,"href":"https:\/\/www.coquard.fr\/es\/wp-json\/wp\/v2\/product_cat?post=65379"},{"taxonomy":"product_tag","embeddable":true,"href":"https:\/\/www.coquard.fr\/es\/wp-json\/wp\/v2\/product_tag?post=65379"}],"curies":[{"name":"wp","href":"https:\/\/api.w.org\/{rel}","templated":true}]}}