{"id":65183,"date":"2025-01-29T16:29:30","date_gmt":"2025-01-29T15:29:30","guid":{"rendered":"https:\/\/www.coquard.fr\/produit\/raccord-rapide-diam-19-mm-pour-pistolet"},"modified":"2026-04-26T22:58:46","modified_gmt":"2026-04-26T20:58:46","slug":"raccord-rapide-diam-19-mm-pour-pistolet","status":"publish","type":"product","link":"https:\/\/www.coquard.fr\/es\/produit\/raccord-rapide-diam-19-mm-pour-pistolet","title":{"rendered":"RACOR R\u00c1PIDO PARA PISTOLA Di\u00e1metro 19 mm"},"content":{"rendered":"<p>Racor con acoplador acanalado di\u00e1metro 19 mm y adaptador macho 1\/2&#8243; (15&#215;21). Para tubo di\u00e1metro 19 mm interior.<\/p>\n","protected":false},"excerpt":{"rendered":"<p>65183<\/p>\n","protected":false},"featured_media":65186,"comment_status":"closed","ping_status":"closed","template":"","meta":{"_acf_changed":false},"product_brand":[],"product_cat":[1453],"product_tag":[],"class_list":{"0":"post-65183","1":"product","2":"type-product","3":"status-publish","4":"has-post-thumbnail","6":"product_cat-material-de-limpieza","8":"first","9":"instock","10":"taxable","11":"shipping-taxable","12":"purchasable","13":"product-type-simple"},"acf":[],"_links":{"self":[{"href":"https:\/\/www.coquard.fr\/es\/wp-json\/wp\/v2\/product\/65183","targetHints":{"allow":["GET"]}}],"collection":[{"href":"https:\/\/www.coquard.fr\/es\/wp-json\/wp\/v2\/product"}],"about":[{"href":"https:\/\/www.coquard.fr\/es\/wp-json\/wp\/v2\/types\/product"}],"replies":[{"embeddable":true,"href":"https:\/\/www.coquard.fr\/es\/wp-json\/wp\/v2\/comments?post=65183"}],"wp:featuredmedia":[{"embeddable":true,"href":"https:\/\/www.coquard.fr\/es\/wp-json\/wp\/v2\/media\/65186"}],"wp:attachment":[{"href":"https:\/\/www.coquard.fr\/es\/wp-json\/wp\/v2\/media?parent=65183"}],"wp:term":[{"taxonomy":"product_brand","embeddable":true,"href":"https:\/\/www.coquard.fr\/es\/wp-json\/wp\/v2\/product_brand?post=65183"},{"taxonomy":"product_cat","embeddable":true,"href":"https:\/\/www.coquard.fr\/es\/wp-json\/wp\/v2\/product_cat?post=65183"},{"taxonomy":"product_tag","embeddable":true,"href":"https:\/\/www.coquard.fr\/es\/wp-json\/wp\/v2\/product_tag?post=65183"}],"curies":[{"name":"wp","href":"https:\/\/api.w.org\/{rel}","templated":true}]}}