{"id":65130,"date":"2025-01-29T11:44:41","date_gmt":"2025-01-29T10:44:41","guid":{"rendered":"https:\/\/www.coquard.fr\/produit\/pot-creme-fraiche-imprime-50-cl-par-10"},"modified":"2026-01-08T15:54:17","modified_gmt":"2026-01-08T14:54:17","slug":"pot-creme-fraiche-imprime-50-cl-par-10","status":"publish","type":"product","link":"https:\/\/www.coquard.fr\/es\/produit\/pot-creme-fraiche-imprime-50-cl-par-10","title":{"rendered":"TARRO DE NATA FRESCA IMPRIMIDO 50 CL A LA DECENA"},"content":{"rendered":"<p>Tarro para nata fresca de polipropileno blanco, homologado para el contacto con alimentos. Impresi\u00f3n paspart\u00fa (pueblo en un paisaje de monta\u00f1a). Capacidad: 500 ml. Dimensiones exteriores: 116,20 mm x 92,50 mm x 83 mm. Termosellado posible. Caja de 350. Vendido a la decena. Tapa vendida por separado, referencia 904ABS.<\/p>\n","protected":false},"excerpt":{"rendered":"<p>65130<\/p>\n","protected":false},"featured_media":65133,"comment_status":"closed","ping_status":"closed","template":"","meta":{"_acf_changed":false},"product_brand":[],"product_cat":[1579],"product_tag":[],"class_list":{"0":"post-65130","1":"product","2":"type-product","3":"status-publish","4":"has-post-thumbnail","6":"product_cat-botes-de-nata","8":"first","9":"instock","10":"taxable","11":"shipping-taxable","12":"purchasable","13":"product-type-simple"},"acf":[],"_links":{"self":[{"href":"https:\/\/www.coquard.fr\/es\/wp-json\/wp\/v2\/product\/65130","targetHints":{"allow":["GET"]}}],"collection":[{"href":"https:\/\/www.coquard.fr\/es\/wp-json\/wp\/v2\/product"}],"about":[{"href":"https:\/\/www.coquard.fr\/es\/wp-json\/wp\/v2\/types\/product"}],"replies":[{"embeddable":true,"href":"https:\/\/www.coquard.fr\/es\/wp-json\/wp\/v2\/comments?post=65130"}],"wp:featuredmedia":[{"embeddable":true,"href":"https:\/\/www.coquard.fr\/es\/wp-json\/wp\/v2\/media\/65133"}],"wp:attachment":[{"href":"https:\/\/www.coquard.fr\/es\/wp-json\/wp\/v2\/media?parent=65130"}],"wp:term":[{"taxonomy":"product_brand","embeddable":true,"href":"https:\/\/www.coquard.fr\/es\/wp-json\/wp\/v2\/product_brand?post=65130"},{"taxonomy":"product_cat","embeddable":true,"href":"https:\/\/www.coquard.fr\/es\/wp-json\/wp\/v2\/product_cat?post=65130"},{"taxonomy":"product_tag","embeddable":true,"href":"https:\/\/www.coquard.fr\/es\/wp-json\/wp\/v2\/product_tag?post=65130"}],"curies":[{"name":"wp","href":"https:\/\/api.w.org\/{rel}","templated":true}]}}