{"id":64589,"date":"2022-01-19T22:01:51","date_gmt":"2022-01-19T21:01:51","guid":{"rendered":"https:\/\/www.coquard.fr\/produit\/support-mural-pour-mitigeur-2"},"modified":"2026-04-06T21:13:26","modified_gmt":"2026-04-06T19:13:26","slug":"support-mural-pour-mitigeur-2","status":"publish","type":"product","link":"https:\/\/www.coquard.fr\/es\/produit\/support-mural-pour-mitigeur-2","title":{"rendered":"SOPORTE MURAL PARA GRIFO"},"content":{"rendered":"<p>Soporte que permite suspender el puente de agitaci\u00f3n del pasteurizador de 22 litro o las placas de acero inoxidable con la barra referencia 037SLC. Incluye un grifo de agua caliente \/ agua fr\u00eda y un registro de sonda para termostato. Se suministra con una contra placa para fijaci\u00f3n en paneles s\u00e1ndwich. Manguitos de conexi\u00f3n a la red de agua y torniller\u00eda no suministrados. Dimensi\u00f3n: altura: 500 mm, longitud: 435 mm, profundidad: 200 mm.<\/p>\n","protected":false},"excerpt":{"rendered":"<p>64589<\/p>\n","protected":false},"featured_media":47178,"comment_status":"closed","ping_status":"closed","template":"","meta":{"_acf_changed":false},"product_brand":[],"product_cat":[1513],"product_tag":[],"class_list":{"0":"post-64589","1":"product","2":"type-product","3":"status-publish","4":"has-post-thumbnail","6":"product_cat-pequeno-pasteurizador","8":"first","9":"instock","10":"taxable","11":"shipping-taxable","12":"purchasable","13":"product-type-simple"},"acf":[],"_links":{"self":[{"href":"https:\/\/www.coquard.fr\/es\/wp-json\/wp\/v2\/product\/64589","targetHints":{"allow":["GET"]}}],"collection":[{"href":"https:\/\/www.coquard.fr\/es\/wp-json\/wp\/v2\/product"}],"about":[{"href":"https:\/\/www.coquard.fr\/es\/wp-json\/wp\/v2\/types\/product"}],"replies":[{"embeddable":true,"href":"https:\/\/www.coquard.fr\/es\/wp-json\/wp\/v2\/comments?post=64589"}],"wp:featuredmedia":[{"embeddable":true,"href":"https:\/\/www.coquard.fr\/es\/wp-json\/wp\/v2\/media\/47178"}],"wp:attachment":[{"href":"https:\/\/www.coquard.fr\/es\/wp-json\/wp\/v2\/media?parent=64589"}],"wp:term":[{"taxonomy":"product_brand","embeddable":true,"href":"https:\/\/www.coquard.fr\/es\/wp-json\/wp\/v2\/product_brand?post=64589"},{"taxonomy":"product_cat","embeddable":true,"href":"https:\/\/www.coquard.fr\/es\/wp-json\/wp\/v2\/product_cat?post=64589"},{"taxonomy":"product_tag","embeddable":true,"href":"https:\/\/www.coquard.fr\/es\/wp-json\/wp\/v2\/product_tag?post=64589"}],"curies":[{"name":"wp","href":"https:\/\/api.w.org\/{rel}","templated":true}]}}