{"id":64071,"date":"2024-12-20T15:27:59","date_gmt":"2024-12-20T14:27:59","guid":{"rendered":"https:\/\/www.coquard.fr\/produit\/potence-dagitation-centrale-pour-cuve-200-litres"},"modified":"2026-01-08T14:54:13","modified_gmt":"2026-01-08T13:54:13","slug":"potence-dagitation-centrale-pour-cuve-200-litres","status":"publish","type":"product","link":"https:\/\/www.coquard.fr\/es\/produit\/potence-dagitation-centrale-pour-cuve-200-litres","title":{"rendered":"SISTEMA DE AGITACION CENTRAL PARA CUBA 200 LITROS"},"content":{"rendered":"<p>Equipo opcional para tina de pasteurizaci\u00f3n de 200 litros. Potencia de agitaci\u00f3n central sencilla en sustituci\u00f3n de la cubierta \u00fanica. Permite un acceso facilitado al producto, el corte de la cuajada manual y la agitaci\u00f3n con la tapa abierta. Opci\u00f3n que incluye la potencia, el agitador central y dos semicubiertas extra\u00edbles.<\/p>\n","protected":false},"excerpt":{"rendered":"<p>64071<\/p>\n","protected":false},"featured_media":23795,"comment_status":"closed","ping_status":"closed","template":"","meta":{"_acf_changed":false},"product_brand":[],"product_cat":[1497],"product_tag":[],"class_list":{"0":"post-64071","1":"product","2":"type-product","3":"status-publish","4":"has-post-thumbnail","6":"product_cat-cubas-de-pasteurizacion","8":"first","9":"onbackorder","10":"taxable","11":"shipping-taxable","12":"purchasable","13":"product-type-simple"},"acf":[],"_links":{"self":[{"href":"https:\/\/www.coquard.fr\/es\/wp-json\/wp\/v2\/product\/64071","targetHints":{"allow":["GET"]}}],"collection":[{"href":"https:\/\/www.coquard.fr\/es\/wp-json\/wp\/v2\/product"}],"about":[{"href":"https:\/\/www.coquard.fr\/es\/wp-json\/wp\/v2\/types\/product"}],"replies":[{"embeddable":true,"href":"https:\/\/www.coquard.fr\/es\/wp-json\/wp\/v2\/comments?post=64071"}],"wp:featuredmedia":[{"embeddable":true,"href":"https:\/\/www.coquard.fr\/es\/wp-json\/wp\/v2\/media\/23795"}],"wp:attachment":[{"href":"https:\/\/www.coquard.fr\/es\/wp-json\/wp\/v2\/media?parent=64071"}],"wp:term":[{"taxonomy":"product_brand","embeddable":true,"href":"https:\/\/www.coquard.fr\/es\/wp-json\/wp\/v2\/product_brand?post=64071"},{"taxonomy":"product_cat","embeddable":true,"href":"https:\/\/www.coquard.fr\/es\/wp-json\/wp\/v2\/product_cat?post=64071"},{"taxonomy":"product_tag","embeddable":true,"href":"https:\/\/www.coquard.fr\/es\/wp-json\/wp\/v2\/product_tag?post=64071"}],"curies":[{"name":"wp","href":"https:\/\/api.w.org\/{rel}","templated":true}]}}