{"id":64021,"date":"2024-12-20T12:24:02","date_gmt":"2024-12-20T11:24:02","guid":{"rendered":"https:\/\/www.coquard.fr\/produit\/sigma-57-lyophilise"},"modified":"2026-04-24T21:05:26","modified_gmt":"2026-04-24T19:05:26","slug":"sigma-57-lyophilise","status":"publish","type":"product","link":"https:\/\/www.coquard.fr\/es\/produit\/sigma-57-lyophilise","title":{"rendered":"SIGMAA 57 &#8211; LIOFILIZADO"},"content":{"rendered":"<p>Geotrichum candidum, fermento de maduraci\u00f3n liofilizado, proporciona una cobertura beige y lisa. Conservaci\u00f3n en congelador durante 2 a\u00f1os. Una dosis es apta para 100 a 200 litros de leche. Tarifa para un tubo. Bolsita de 10 tubos. Descuento cuantitativo por 60 o 120 tubos.<\/p>\n","protected":false},"excerpt":{"rendered":"<p>64021<\/p>\n","protected":false},"featured_media":64024,"comment_status":"closed","ping_status":"closed","template":"","meta":{"_acf_changed":false},"product_brand":[],"product_cat":[1549],"product_tag":[],"class_list":{"0":"post-64021","1":"product","2":"type-product","3":"status-publish","4":"has-post-thumbnail","6":"product_cat-fermentos-de-maduracion-coquard","8":"first","9":"instock","10":"taxable","11":"shipping-taxable","12":"purchasable","13":"product-type-simple"},"acf":[],"_links":{"self":[{"href":"https:\/\/www.coquard.fr\/es\/wp-json\/wp\/v2\/product\/64021","targetHints":{"allow":["GET"]}}],"collection":[{"href":"https:\/\/www.coquard.fr\/es\/wp-json\/wp\/v2\/product"}],"about":[{"href":"https:\/\/www.coquard.fr\/es\/wp-json\/wp\/v2\/types\/product"}],"replies":[{"embeddable":true,"href":"https:\/\/www.coquard.fr\/es\/wp-json\/wp\/v2\/comments?post=64021"}],"wp:featuredmedia":[{"embeddable":true,"href":"https:\/\/www.coquard.fr\/es\/wp-json\/wp\/v2\/media\/64024"}],"wp:attachment":[{"href":"https:\/\/www.coquard.fr\/es\/wp-json\/wp\/v2\/media?parent=64021"}],"wp:term":[{"taxonomy":"product_brand","embeddable":true,"href":"https:\/\/www.coquard.fr\/es\/wp-json\/wp\/v2\/product_brand?post=64021"},{"taxonomy":"product_cat","embeddable":true,"href":"https:\/\/www.coquard.fr\/es\/wp-json\/wp\/v2\/product_cat?post=64021"},{"taxonomy":"product_tag","embeddable":true,"href":"https:\/\/www.coquard.fr\/es\/wp-json\/wp\/v2\/product_tag?post=64021"}],"curies":[{"name":"wp","href":"https:\/\/api.w.org\/{rel}","templated":true}]}}