{"id":63967,"date":"2024-12-19T11:52:34","date_gmt":"2024-12-19T10:52:34","guid":{"rendered":"https:\/\/www.coquard.fr\/produit\/armoire-detuvage-et-de-refroidissement-automatique"},"modified":"2026-04-27T21:05:18","modified_gmt":"2026-04-27T19:05:18","slug":"armoire-detuvage-et-de-refroidissement-automatique","status":"publish","type":"product","link":"https:\/\/www.coquard.fr\/es\/produit\/armoire-detuvage-et-de-refroidissement-automatique","title":{"rendered":"ARMOIRE D&#8217;ETUVAGE ET DE REFROIDISSEMENT AUTOMATIQUE"},"content":{"rendered":"<p>Permet le caillage \u00e0 20-22\u00b0C, L&#8217;\u00e9tuvage \u00e0 42-43\u00b0C et le refroidissement rapide \u00e0 3\u00b0C. Capacit\u00e9 jusqu&#8217;\u00e0 400 pots de yaourts de 125 ml ou 5 bacs de caillage de 25 litres. Armoire compl\u00e8te livr\u00e9e avec 4 clayettes. Support inox + 4 pieds Ht 130 mm. Chauffage par r\u00e9sistance de 500 W. Groupe froid de 600 W. R\u00e9gulation par thermostat \u00e9lectronique. Passage du mode \u00e9tuvage au mode refroidissement automatique g\u00e9r\u00e9 par un minuteur programmable. Alimentation 230 Volts  50 Hz.<\/p>\n","protected":false},"excerpt":{"rendered":"<p>63967<\/p>\n","protected":false},"featured_media":64713,"comment_status":"closed","ping_status":"closed","template":"","meta":{"_acf_changed":false},"product_brand":[],"product_cat":[1505],"product_tag":[],"class_list":{"0":"post-63967","1":"product","2":"type-product","3":"status-publish","4":"has-post-thumbnail","6":"product_cat-estufa","8":"first","9":"onbackorder","10":"taxable","11":"shipping-taxable","12":"purchasable","13":"product-type-simple"},"acf":[],"_links":{"self":[{"href":"https:\/\/www.coquard.fr\/es\/wp-json\/wp\/v2\/product\/63967","targetHints":{"allow":["GET"]}}],"collection":[{"href":"https:\/\/www.coquard.fr\/es\/wp-json\/wp\/v2\/product"}],"about":[{"href":"https:\/\/www.coquard.fr\/es\/wp-json\/wp\/v2\/types\/product"}],"replies":[{"embeddable":true,"href":"https:\/\/www.coquard.fr\/es\/wp-json\/wp\/v2\/comments?post=63967"}],"wp:featuredmedia":[{"embeddable":true,"href":"https:\/\/www.coquard.fr\/es\/wp-json\/wp\/v2\/media\/64713"}],"wp:attachment":[{"href":"https:\/\/www.coquard.fr\/es\/wp-json\/wp\/v2\/media?parent=63967"}],"wp:term":[{"taxonomy":"product_brand","embeddable":true,"href":"https:\/\/www.coquard.fr\/es\/wp-json\/wp\/v2\/product_brand?post=63967"},{"taxonomy":"product_cat","embeddable":true,"href":"https:\/\/www.coquard.fr\/es\/wp-json\/wp\/v2\/product_cat?post=63967"},{"taxonomy":"product_tag","embeddable":true,"href":"https:\/\/www.coquard.fr\/es\/wp-json\/wp\/v2\/product_tag?post=63967"}],"curies":[{"name":"wp","href":"https:\/\/api.w.org\/{rel}","templated":true}]}}