{"id":63857,"date":"2024-12-17T12:20:54","date_gmt":"2024-12-17T11:20:54","guid":{"rendered":"https:\/\/www.coquard.fr\/produit\/mw-038-q-10-uc-lyophilise"},"modified":"2026-01-08T14:23:58","modified_gmt":"2026-01-08T13:23:58","slug":"mw-038-q-10-uc-lyophilise","status":"publish","type":"product","link":"https:\/\/www.coquard.fr\/es\/produit\/mw-038-q-10-uc-lyophilise","title":{"rendered":"MW 038 Q \u2013 10 UC LYOPHILISE"},"content":{"rendered":"<p>Gamme SACCO, ferment lactique m\u00e9sophile lyophilis\u00e9 h\u00e9t\u00e9rofermentaire. Composition :  Lactococcus lactis, Lactococcus cremoris, Lactococcus diacetylactis, Leuconostoc mesenteroides cremoris. Utilisation : p\u00e2te press\u00e9e, p\u00e2te molle, fromage frais et caill\u00e9s lactiques. Dosage recommand\u00e9: 1 sachet de 10 UC permet d&#8217;ensemencer  500 \u00e0 1000 litres de lait. Vendu au sachet.                       <\/p>\n","protected":false},"excerpt":{"rendered":"<p>63857<\/p>\n","protected":false},"featured_media":63860,"comment_status":"closed","ping_status":"closed","template":"","meta":{"_acf_changed":false},"product_brand":[],"product_cat":[1555],"product_tag":[],"class_list":{"0":"post-63857","1":"product","2":"type-product","3":"status-publish","4":"has-post-thumbnail","6":"product_cat-fermentos-lacticos-y-de-maduracion-csl","8":"first","9":"instock","10":"taxable","11":"shipping-taxable","12":"purchasable","13":"product-type-simple"},"acf":[],"_links":{"self":[{"href":"https:\/\/www.coquard.fr\/es\/wp-json\/wp\/v2\/product\/63857","targetHints":{"allow":["GET"]}}],"collection":[{"href":"https:\/\/www.coquard.fr\/es\/wp-json\/wp\/v2\/product"}],"about":[{"href":"https:\/\/www.coquard.fr\/es\/wp-json\/wp\/v2\/types\/product"}],"replies":[{"embeddable":true,"href":"https:\/\/www.coquard.fr\/es\/wp-json\/wp\/v2\/comments?post=63857"}],"wp:featuredmedia":[{"embeddable":true,"href":"https:\/\/www.coquard.fr\/es\/wp-json\/wp\/v2\/media\/63860"}],"wp:attachment":[{"href":"https:\/\/www.coquard.fr\/es\/wp-json\/wp\/v2\/media?parent=63857"}],"wp:term":[{"taxonomy":"product_brand","embeddable":true,"href":"https:\/\/www.coquard.fr\/es\/wp-json\/wp\/v2\/product_brand?post=63857"},{"taxonomy":"product_cat","embeddable":true,"href":"https:\/\/www.coquard.fr\/es\/wp-json\/wp\/v2\/product_cat?post=63857"},{"taxonomy":"product_tag","embeddable":true,"href":"https:\/\/www.coquard.fr\/es\/wp-json\/wp\/v2\/product_tag?post=63857"}],"curies":[{"name":"wp","href":"https:\/\/api.w.org\/{rel}","templated":true}]}}