{"id":63754,"date":"2024-12-10T16:46:38","date_gmt":"2024-12-10T15:46:38","guid":{"rendered":"https:\/\/www.coquard.fr\/produit\/sigma-76-lyophilise"},"modified":"2026-04-17T21:12:33","modified_gmt":"2026-04-17T19:12:33","slug":"sigma-76-lyophilise","status":"publish","type":"product","link":"https:\/\/www.coquard.fr\/es\/produit\/sigma-76-lyophilise","title":{"rendered":"SIGMA 76 &#8211; LYOPHILISE"},"content":{"rendered":"<p>Penicillium candidum, ferment d&#8217;affinage lyophilis\u00e9 sans lactose. Conservation au cong\u00e9lateur pendant 2 ans. Une dose convient pour 250 \u00e0 500  litres de lait. Tarif \u00e0 la dose. Remise quantitative par 60 ou 120 tubes.   <\/p>\n","protected":false},"excerpt":{"rendered":"<p>63754<\/p>\n","protected":false},"featured_media":63757,"comment_status":"closed","ping_status":"closed","template":"","meta":{"_acf_changed":false},"product_brand":[],"product_cat":[1549],"product_tag":[],"class_list":{"0":"post-63754","1":"product","2":"type-product","3":"status-publish","4":"has-post-thumbnail","6":"product_cat-fermentos-de-maduracion-coquard","8":"first","9":"instock","10":"taxable","11":"shipping-taxable","12":"purchasable","13":"product-type-simple"},"acf":[],"_links":{"self":[{"href":"https:\/\/www.coquard.fr\/es\/wp-json\/wp\/v2\/product\/63754","targetHints":{"allow":["GET"]}}],"collection":[{"href":"https:\/\/www.coquard.fr\/es\/wp-json\/wp\/v2\/product"}],"about":[{"href":"https:\/\/www.coquard.fr\/es\/wp-json\/wp\/v2\/types\/product"}],"replies":[{"embeddable":true,"href":"https:\/\/www.coquard.fr\/es\/wp-json\/wp\/v2\/comments?post=63754"}],"wp:featuredmedia":[{"embeddable":true,"href":"https:\/\/www.coquard.fr\/es\/wp-json\/wp\/v2\/media\/63757"}],"wp:attachment":[{"href":"https:\/\/www.coquard.fr\/es\/wp-json\/wp\/v2\/media?parent=63754"}],"wp:term":[{"taxonomy":"product_brand","embeddable":true,"href":"https:\/\/www.coquard.fr\/es\/wp-json\/wp\/v2\/product_brand?post=63754"},{"taxonomy":"product_cat","embeddable":true,"href":"https:\/\/www.coquard.fr\/es\/wp-json\/wp\/v2\/product_cat?post=63754"},{"taxonomy":"product_tag","embeddable":true,"href":"https:\/\/www.coquard.fr\/es\/wp-json\/wp\/v2\/product_tag?post=63754"}],"curies":[{"name":"wp","href":"https:\/\/api.w.org\/{rel}","templated":true}]}}