{"id":63720,"date":"2024-12-10T14:15:54","date_gmt":"2024-12-10T13:15:54","guid":{"rendered":"https:\/\/www.coquard.fr\/produit\/gamma-61-dl1-pour-100l-200l-anti-mucor"},"modified":"2026-05-01T22:15:28","modified_gmt":"2026-05-01T20:15:28","slug":"gamma-61-dl1-pour-100l-200l-anti-mucor","status":"publish","type":"product","link":"https:\/\/www.coquard.fr\/es\/produit\/gamma-61-dl1-pour-100l-200l-anti-mucor","title":{"rendered":"GAMMA 61 DL1 POUR 100L \/ 200L ANTI MUCOR"},"content":{"rendered":"<p>Bact\u00e9ries lyophilis\u00e9es qui agissent contre le d\u00e9veloppement du Mucor et des Penicillium. Compatibles avec les levures et les Geotrichum. Souche de Staphylococcus equorum s\u00e9lectionn\u00e9e comme culture de protection. Prot\u00e8ge \u00e9galement les morges et les saumures. Gr\u00e2ce \u00e0 une activit\u00e9 prot\u00e9olytique et lipolytique, l&#8217;affinage et l&#8217;ar\u00f4me du fromage sont am\u00e9lior\u00e9s. Culture qui am\u00e9liore \u00e9galement la coloration des cro\u00fbtes lav\u00e9es et cro\u00fbtes morg\u00e9es. Dosage : 1 tube pour 100 \u00e0 200 litres. Sachet de 10 tubes CR21. Tarif pour un tube.<\/p>\n","protected":false},"excerpt":{"rendered":"<p>63720<\/p>\n","protected":false},"featured_media":63723,"comment_status":"closed","ping_status":"closed","template":"","meta":{"_acf_changed":false},"product_brand":[],"product_cat":[1550],"product_tag":[],"class_list":{"0":"post-63720","1":"product","2":"type-product","3":"status-publish","4":"has-post-thumbnail","6":"product_cat-fermentos-lacticos-coquard","8":"first","9":"instock","10":"taxable","11":"shipping-taxable","12":"purchasable","13":"product-type-simple"},"acf":[],"yoast_head":"<!-- This site is optimized with the Yoast SEO plugin v27.5 - https:\/\/yoast.com\/product\/yoast-seo-wordpress\/ -->\n<title>GAMMA 61 DL1 POUR 100L \/ 200L ANTI MUCOR - Ets Coquard<\/title>\n<meta name=\"robots\" content=\"index, follow, max-snippet:-1, max-image-preview:large, max-video-preview:-1\" \/>\n<link rel=\"canonical\" href=\"https:\/\/www.coquard.fr\/es\/produit\/gamma-61-dl1-pour-100l-200l-anti-mucor\" \/>\n<meta property=\"og:locale\" content=\"es_ES\" \/>\n<meta property=\"og:type\" content=\"article\" \/>\n<meta property=\"og:title\" content=\"GAMMA 61 DL1 POUR 100L \/ 200L ANTI MUCOR - Ets Coquard\" \/>\n<meta property=\"og:description\" content=\"63720\" \/>\n<meta property=\"og:url\" content=\"https:\/\/www.coquard.fr\/es\/produit\/gamma-61-dl1-pour-100l-200l-anti-mucor\" \/>\n<meta property=\"og:site_name\" content=\"Ets Coquard\" \/>\n<meta property=\"article:modified_time\" content=\"2026-05-01T20:15:28+00:00\" \/>\n<meta property=\"og:image\" content=\"https:\/\/www.coquard.fr\/wp-content\/uploads\/012cga-gamma61-100l-fermentsetpresures-photo1.jpeg\" \/>\n\t<meta property=\"og:image:width\" content=\"1000\" \/>\n\t<meta property=\"og:image:height\" content=\"1000\" \/>\n\t<meta property=\"og:image:type\" content=\"image\/jpeg\" \/>\n<meta name=\"twitter:card\" content=\"summary_large_image\" \/>\n<script type=\"application\/ld+json\" class=\"yoast-schema-graph\">{\"@context\":\"https:\\\/\\\/schema.org\",\"@graph\":[{\"@type\":\"WebPage\",\"@id\":\"https:\\\/\\\/www.coquard.fr\\\/es\\\/produit\\\/gamma-61-dl1-pour-100l-200l-anti-mucor\",\"url\":\"https:\\\/\\\/www.coquard.fr\\\/es\\\/produit\\\/gamma-61-dl1-pour-100l-200l-anti-mucor\",\"name\":\"GAMMA 61 DL1 POUR 100L \\\/ 200L ANTI MUCOR - Ets Coquard\",\"isPartOf\":{\"@id\":\"https:\\\/\\\/www.coquard.fr\\\/#website\"},\"primaryImageOfPage\":{\"@id\":\"https:\\\/\\\/www.coquard.fr\\\/es\\\/produit\\\/gamma-61-dl1-pour-100l-200l-anti-mucor#primaryimage\"},\"image\":{\"@id\":\"https:\\\/\\\/www.coquard.fr\\\/es\\\/produit\\\/gamma-61-dl1-pour-100l-200l-anti-mucor#primaryimage\"},\"thumbnailUrl\":\"https:\\\/\\\/www.coquard.fr\\\/wp-content\\\/uploads\\\/012cga-gamma61-100l-fermentsetpresures-photo1.jpeg\",\"datePublished\":\"2024-12-10T13:15:54+00:00\",\"dateModified\":\"2026-05-01T20:15:28+00:00\",\"breadcrumb\":{\"@id\":\"https:\\\/\\\/www.coquard.fr\\\/es\\\/produit\\\/gamma-61-dl1-pour-100l-200l-anti-mucor#breadcrumb\"},\"inLanguage\":\"es\",\"potentialAction\":[{\"@type\":\"ReadAction\",\"target\":[\"https:\\\/\\\/www.coquard.fr\\\/es\\\/produit\\\/gamma-61-dl1-pour-100l-200l-anti-mucor\"]}]},{\"@type\":\"ImageObject\",\"inLanguage\":\"es\",\"@id\":\"https:\\\/\\\/www.coquard.fr\\\/es\\\/produit\\\/gamma-61-dl1-pour-100l-200l-anti-mucor#primaryimage\",\"url\":\"https:\\\/\\\/www.coquard.fr\\\/wp-content\\\/uploads\\\/012cga-gamma61-100l-fermentsetpresures-photo1.jpeg\",\"contentUrl\":\"https:\\\/\\\/www.coquard.fr\\\/wp-content\\\/uploads\\\/012cga-gamma61-100l-fermentsetpresures-photo1.jpeg\",\"width\":1000,\"height\":1000,\"caption\":\"Created with GIMP\"},{\"@type\":\"BreadcrumbList\",\"@id\":\"https:\\\/\\\/www.coquard.fr\\\/es\\\/produit\\\/gamma-61-dl1-pour-100l-200l-anti-mucor#breadcrumb\",\"itemListElement\":[{\"@type\":\"ListItem\",\"position\":1,\"name\":\"Home\",\"item\":\"https:\\\/\\\/www.coquard.fr\\\/es\"},{\"@type\":\"ListItem\",\"position\":2,\"name\":\"Tienda\",\"item\":\"https:\\\/\\\/www.coquard.fr\\\/es\\\/tienda\"},{\"@type\":\"ListItem\",\"position\":3,\"name\":\"GAMMA 61 DL1 POUR 100L \\\/ 200L ANTI MUCOR\"}]},{\"@type\":\"WebSite\",\"@id\":\"https:\\\/\\\/www.coquard.fr\\\/#website\",\"url\":\"https:\\\/\\\/www.coquard.fr\\\/\",\"name\":\"Ets Coquard\",\"description\":\"Equipements fromagerie fermi\u00e8re\",\"publisher\":{\"@id\":\"https:\\\/\\\/www.coquard.fr\\\/#organization\"},\"potentialAction\":[{\"@type\":\"SearchAction\",\"target\":{\"@type\":\"EntryPoint\",\"urlTemplate\":\"https:\\\/\\\/www.coquard.fr\\\/?s={search_term_string}\"},\"query-input\":{\"@type\":\"PropertyValueSpecification\",\"valueRequired\":true,\"valueName\":\"search_term_string\"}}],\"inLanguage\":\"es\"},{\"@type\":\"Organization\",\"@id\":\"https:\\\/\\\/www.coquard.fr\\\/#organization\",\"name\":\"Coquard\",\"url\":\"https:\\\/\\\/www.coquard.fr\\\/\",\"logo\":{\"@type\":\"ImageObject\",\"inLanguage\":\"es\",\"@id\":\"https:\\\/\\\/www.coquard.fr\\\/#\\\/schema\\\/logo\\\/image\\\/\",\"url\":\"https:\\\/\\\/www.coquard.fr\\\/wp-content\\\/uploads\\\/cropped-logo-coquard-quadri-fond-blanc.png\",\"contentUrl\":\"https:\\\/\\\/www.coquard.fr\\\/wp-content\\\/uploads\\\/cropped-logo-coquard-quadri-fond-blanc.png\",\"width\":1824,\"height\":701,\"caption\":\"Coquard\"},\"image\":{\"@id\":\"https:\\\/\\\/www.coquard.fr\\\/#\\\/schema\\\/logo\\\/image\\\/\"}}]}<\/script>\n<!-- \/ Yoast SEO plugin. -->","yoast_head_json":{"title":"GAMMA 61 DL1 POUR 100L \/ 200L ANTI MUCOR - Ets Coquard","robots":{"index":"index","follow":"follow","max-snippet":"max-snippet:-1","max-image-preview":"max-image-preview:large","max-video-preview":"max-video-preview:-1"},"canonical":"https:\/\/www.coquard.fr\/es\/produit\/gamma-61-dl1-pour-100l-200l-anti-mucor","og_locale":"es_ES","og_type":"article","og_title":"GAMMA 61 DL1 POUR 100L \/ 200L ANTI MUCOR - Ets Coquard","og_description":"63720","og_url":"https:\/\/www.coquard.fr\/es\/produit\/gamma-61-dl1-pour-100l-200l-anti-mucor","og_site_name":"Ets Coquard","article_modified_time":"2026-05-01T20:15:28+00:00","og_image":[{"width":1000,"height":1000,"url":"https:\/\/www.coquard.fr\/wp-content\/uploads\/012cga-gamma61-100l-fermentsetpresures-photo1.jpeg","type":"image\/jpeg"}],"twitter_card":"summary_large_image","schema":{"@context":"https:\/\/schema.org","@graph":[{"@type":"WebPage","@id":"https:\/\/www.coquard.fr\/es\/produit\/gamma-61-dl1-pour-100l-200l-anti-mucor","url":"https:\/\/www.coquard.fr\/es\/produit\/gamma-61-dl1-pour-100l-200l-anti-mucor","name":"GAMMA 61 DL1 POUR 100L \/ 200L ANTI MUCOR - Ets Coquard","isPartOf":{"@id":"https:\/\/www.coquard.fr\/#website"},"primaryImageOfPage":{"@id":"https:\/\/www.coquard.fr\/es\/produit\/gamma-61-dl1-pour-100l-200l-anti-mucor#primaryimage"},"image":{"@id":"https:\/\/www.coquard.fr\/es\/produit\/gamma-61-dl1-pour-100l-200l-anti-mucor#primaryimage"},"thumbnailUrl":"https:\/\/www.coquard.fr\/wp-content\/uploads\/012cga-gamma61-100l-fermentsetpresures-photo1.jpeg","datePublished":"2024-12-10T13:15:54+00:00","dateModified":"2026-05-01T20:15:28+00:00","breadcrumb":{"@id":"https:\/\/www.coquard.fr\/es\/produit\/gamma-61-dl1-pour-100l-200l-anti-mucor#breadcrumb"},"inLanguage":"es","potentialAction":[{"@type":"ReadAction","target":["https:\/\/www.coquard.fr\/es\/produit\/gamma-61-dl1-pour-100l-200l-anti-mucor"]}]},{"@type":"ImageObject","inLanguage":"es","@id":"https:\/\/www.coquard.fr\/es\/produit\/gamma-61-dl1-pour-100l-200l-anti-mucor#primaryimage","url":"https:\/\/www.coquard.fr\/wp-content\/uploads\/012cga-gamma61-100l-fermentsetpresures-photo1.jpeg","contentUrl":"https:\/\/www.coquard.fr\/wp-content\/uploads\/012cga-gamma61-100l-fermentsetpresures-photo1.jpeg","width":1000,"height":1000,"caption":"Created with GIMP"},{"@type":"BreadcrumbList","@id":"https:\/\/www.coquard.fr\/es\/produit\/gamma-61-dl1-pour-100l-200l-anti-mucor#breadcrumb","itemListElement":[{"@type":"ListItem","position":1,"name":"Home","item":"https:\/\/www.coquard.fr\/es"},{"@type":"ListItem","position":2,"name":"Tienda","item":"https:\/\/www.coquard.fr\/es\/tienda"},{"@type":"ListItem","position":3,"name":"GAMMA 61 DL1 POUR 100L \/ 200L ANTI MUCOR"}]},{"@type":"WebSite","@id":"https:\/\/www.coquard.fr\/#website","url":"https:\/\/www.coquard.fr\/","name":"Ets Coquard","description":"Equipements fromagerie fermi\u00e8re","publisher":{"@id":"https:\/\/www.coquard.fr\/#organization"},"potentialAction":[{"@type":"SearchAction","target":{"@type":"EntryPoint","urlTemplate":"https:\/\/www.coquard.fr\/?s={search_term_string}"},"query-input":{"@type":"PropertyValueSpecification","valueRequired":true,"valueName":"search_term_string"}}],"inLanguage":"es"},{"@type":"Organization","@id":"https:\/\/www.coquard.fr\/#organization","name":"Coquard","url":"https:\/\/www.coquard.fr\/","logo":{"@type":"ImageObject","inLanguage":"es","@id":"https:\/\/www.coquard.fr\/#\/schema\/logo\/image\/","url":"https:\/\/www.coquard.fr\/wp-content\/uploads\/cropped-logo-coquard-quadri-fond-blanc.png","contentUrl":"https:\/\/www.coquard.fr\/wp-content\/uploads\/cropped-logo-coquard-quadri-fond-blanc.png","width":1824,"height":701,"caption":"Coquard"},"image":{"@id":"https:\/\/www.coquard.fr\/#\/schema\/logo\/image\/"}}]}},"_links":{"self":[{"href":"https:\/\/www.coquard.fr\/es\/wp-json\/wp\/v2\/product\/63720","targetHints":{"allow":["GET"]}}],"collection":[{"href":"https:\/\/www.coquard.fr\/es\/wp-json\/wp\/v2\/product"}],"about":[{"href":"https:\/\/www.coquard.fr\/es\/wp-json\/wp\/v2\/types\/product"}],"replies":[{"embeddable":true,"href":"https:\/\/www.coquard.fr\/es\/wp-json\/wp\/v2\/comments?post=63720"}],"wp:featuredmedia":[{"embeddable":true,"href":"https:\/\/www.coquard.fr\/es\/wp-json\/wp\/v2\/media\/63723"}],"wp:attachment":[{"href":"https:\/\/www.coquard.fr\/es\/wp-json\/wp\/v2\/media?parent=63720"}],"wp:term":[{"taxonomy":"product_brand","embeddable":true,"href":"https:\/\/www.coquard.fr\/es\/wp-json\/wp\/v2\/product_brand?post=63720"},{"taxonomy":"product_cat","embeddable":true,"href":"https:\/\/www.coquard.fr\/es\/wp-json\/wp\/v2\/product_cat?post=63720"},{"taxonomy":"product_tag","embeddable":true,"href":"https:\/\/www.coquard.fr\/es\/wp-json\/wp\/v2\/product_tag?post=63720"}],"curies":[{"name":"wp","href":"https:\/\/api.w.org\/{rel}","templated":true}]}}