{"id":62892,"date":"2023-01-03T14:33:11","date_gmt":"2023-01-03T13:33:11","guid":{"rendered":"https:\/\/www.coquard.fr\/produit\/prep-fruit-citron-vert-cactus-boite-de-3-kg"},"modified":"2026-01-08T14:35:44","modified_gmt":"2026-01-08T13:35:44","slug":"prep-fruit-citron-vert-cactus-boite-de-3-kg","status":"publish","type":"product","link":"https:\/\/www.coquard.fr\/es\/produit\/prep-fruit-citron-vert-cactus-boite-de-3-kg","title":{"rendered":"PREP FRUIT CITRON VERT\/CACTUS BOITE DE 3 kg"},"content":{"rendered":"<p>Pr\u00e9paration de fruits \u00e0 base de citron vert et de figue de Barbarie pour yaourts bi-couches ou brass\u00e9s aux fruits. Bo\u00eete de 3 kg. Carton de 6 bo\u00eetes. Prix au kg. Tarif d\u00e9gressif \u00e0 partir de 18 kg.<\/p>\n","protected":false},"excerpt":{"rendered":"<p>62892<\/p>\n","protected":false},"featured_media":47756,"comment_status":"closed","ping_status":"closed","template":"","meta":{"_acf_changed":false},"product_brand":[],"product_cat":[1473],"product_tag":[],"class_list":{"0":"post-62892","1":"product","2":"type-product","3":"status-publish","4":"has-post-thumbnail","6":"product_cat-preparaciones-de-frutas","8":"first","9":"instock","10":"taxable","11":"shipping-taxable","12":"purchasable","13":"product-type-simple"},"acf":[],"_links":{"self":[{"href":"https:\/\/www.coquard.fr\/es\/wp-json\/wp\/v2\/product\/62892","targetHints":{"allow":["GET"]}}],"collection":[{"href":"https:\/\/www.coquard.fr\/es\/wp-json\/wp\/v2\/product"}],"about":[{"href":"https:\/\/www.coquard.fr\/es\/wp-json\/wp\/v2\/types\/product"}],"replies":[{"embeddable":true,"href":"https:\/\/www.coquard.fr\/es\/wp-json\/wp\/v2\/comments?post=62892"}],"wp:featuredmedia":[{"embeddable":true,"href":"https:\/\/www.coquard.fr\/es\/wp-json\/wp\/v2\/media\/47756"}],"wp:attachment":[{"href":"https:\/\/www.coquard.fr\/es\/wp-json\/wp\/v2\/media?parent=62892"}],"wp:term":[{"taxonomy":"product_brand","embeddable":true,"href":"https:\/\/www.coquard.fr\/es\/wp-json\/wp\/v2\/product_brand?post=62892"},{"taxonomy":"product_cat","embeddable":true,"href":"https:\/\/www.coquard.fr\/es\/wp-json\/wp\/v2\/product_cat?post=62892"},{"taxonomy":"product_tag","embeddable":true,"href":"https:\/\/www.coquard.fr\/es\/wp-json\/wp\/v2\/product_tag?post=62892"}],"curies":[{"name":"wp","href":"https:\/\/api.w.org\/{rel}","templated":true}]}}