{"id":62886,"date":"2023-12-18T15:22:50","date_gmt":"2023-12-18T14:22:50","guid":{"rendered":"https:\/\/www.coquard.fr\/produit\/preparation-pour-glace-neutre-sachet-2-kg"},"modified":"2026-01-08T14:40:18","modified_gmt":"2026-01-08T13:40:18","slug":"preparation-pour-glace-neutre-sachet-2-kg","status":"publish","type":"product","link":"https:\/\/www.coquard.fr\/es\/produit\/preparation-pour-glace-neutre-sachet-2-kg","title":{"rendered":"PREPARATION POUR GLACE PRIX AU KG. SACHET 2 KG"},"content":{"rendered":"<p>Pr\u00e9paration neutre en poudre pr\u00eate \u00e0 l&#8217;emploi pour fabriquer des glaces \u00e0 la ferme \u00e0 partir de lait entier. A compl\u00e9ter avec la p\u00e2te d&#8217;aromatisation de votre choix (caramel, caf\u00e9, vanille, etc.). Un sachet de 2 kg convient pour 6 litres de lait. Prix au kg. Tarif d\u00e9gressif \u00e0 partir de 10 sachets.<\/p>\n","protected":false},"excerpt":{"rendered":"<p>62886<\/p>\n","protected":false},"featured_media":55402,"comment_status":"closed","ping_status":"closed","template":"","meta":{"_acf_changed":false},"product_brand":[],"product_cat":[1625],"product_tag":[],"class_list":{"0":"post-62886","1":"product","2":"type-product","3":"status-publish","4":"has-post-thumbnail","6":"product_cat-preparation-pour-glaces-es","8":"first","9":"instock","10":"taxable","11":"shipping-taxable","12":"purchasable","13":"product-type-simple"},"acf":[],"_links":{"self":[{"href":"https:\/\/www.coquard.fr\/es\/wp-json\/wp\/v2\/product\/62886","targetHints":{"allow":["GET"]}}],"collection":[{"href":"https:\/\/www.coquard.fr\/es\/wp-json\/wp\/v2\/product"}],"about":[{"href":"https:\/\/www.coquard.fr\/es\/wp-json\/wp\/v2\/types\/product"}],"replies":[{"embeddable":true,"href":"https:\/\/www.coquard.fr\/es\/wp-json\/wp\/v2\/comments?post=62886"}],"wp:featuredmedia":[{"embeddable":true,"href":"https:\/\/www.coquard.fr\/es\/wp-json\/wp\/v2\/media\/55402"}],"wp:attachment":[{"href":"https:\/\/www.coquard.fr\/es\/wp-json\/wp\/v2\/media?parent=62886"}],"wp:term":[{"taxonomy":"product_brand","embeddable":true,"href":"https:\/\/www.coquard.fr\/es\/wp-json\/wp\/v2\/product_brand?post=62886"},{"taxonomy":"product_cat","embeddable":true,"href":"https:\/\/www.coquard.fr\/es\/wp-json\/wp\/v2\/product_cat?post=62886"},{"taxonomy":"product_tag","embeddable":true,"href":"https:\/\/www.coquard.fr\/es\/wp-json\/wp\/v2\/product_tag?post=62886"}],"curies":[{"name":"wp","href":"https:\/\/api.w.org\/{rel}","templated":true}]}}