{"id":62838,"date":"2024-10-31T14:33:29","date_gmt":"2024-10-31T13:33:29","guid":{"rendered":"https:\/\/www.coquard.fr\/produit\/caissette-ajouree-bleue"},"modified":"2026-02-24T20:20:45","modified_gmt":"2026-02-24T19:20:45","slug":"caissette-ajouree-bleue","status":"publish","type":"product","link":"https:\/\/www.coquard.fr\/es\/produit\/caissette-ajouree-bleue","title":{"rendered":""},"content":{"rendered":"<p>Caissette gerbable et ajour\u00e9e bleu, adapt\u00e9e \u00e0 la caisse isotherme 180BCA. Dim: ext: L500, l300, h110 Int: L475, l290, H100<br \/>\nApte au contact alimentaire. Les caisses isothermes 180BCA peuvent contenir 2 caisses.<\/p>\n","protected":false},"excerpt":{"rendered":"<p>62838<\/p>\n","protected":false},"featured_media":59859,"comment_status":"closed","ping_status":"closed","template":"","meta":{"_acf_changed":false},"product_brand":[],"product_cat":[1595],"product_tag":[],"class_list":{"0":"post-62838","1":"product","2":"type-product","3":"status-publish","4":"has-post-thumbnail","6":"product_cat-cajas-de-transporte","8":"first","9":"instock","10":"taxable","11":"shipping-taxable","12":"purchasable","13":"product-type-simple"},"acf":[],"_links":{"self":[{"href":"https:\/\/www.coquard.fr\/es\/wp-json\/wp\/v2\/product\/62838","targetHints":{"allow":["GET"]}}],"collection":[{"href":"https:\/\/www.coquard.fr\/es\/wp-json\/wp\/v2\/product"}],"about":[{"href":"https:\/\/www.coquard.fr\/es\/wp-json\/wp\/v2\/types\/product"}],"replies":[{"embeddable":true,"href":"https:\/\/www.coquard.fr\/es\/wp-json\/wp\/v2\/comments?post=62838"}],"wp:featuredmedia":[{"embeddable":true,"href":"https:\/\/www.coquard.fr\/es\/wp-json\/wp\/v2\/media\/59859"}],"wp:attachment":[{"href":"https:\/\/www.coquard.fr\/es\/wp-json\/wp\/v2\/media?parent=62838"}],"wp:term":[{"taxonomy":"product_brand","embeddable":true,"href":"https:\/\/www.coquard.fr\/es\/wp-json\/wp\/v2\/product_brand?post=62838"},{"taxonomy":"product_cat","embeddable":true,"href":"https:\/\/www.coquard.fr\/es\/wp-json\/wp\/v2\/product_cat?post=62838"},{"taxonomy":"product_tag","embeddable":true,"href":"https:\/\/www.coquard.fr\/es\/wp-json\/wp\/v2\/product_tag?post=62838"}],"curies":[{"name":"wp","href":"https:\/\/api.w.org\/{rel}","templated":true}]}}