{"id":61007,"date":"2024-07-22T16:33:57","date_gmt":"2024-07-22T14:33:57","guid":{"rendered":"https:\/\/www.coquard.fr\/produit\/pasteurisateur-125-litres-classic-2"},"modified":"2026-03-31T10:15:10","modified_gmt":"2026-03-31T08:15:10","slug":"pasteurisateur-125-litres-classic-2","status":"publish","type":"product","link":"https:\/\/www.coquard.fr\/es\/produit\/pasteurisateur-125-litres-classic-2","title":{"rendered":"PASTEURISATEUR 125 LITRES CLASSIC"},"content":{"rendered":"<p>Pasteurisateur \u00e0 chauffage par r\u00e9sistances \u00e9lectriques jusqu\u00e0 90\u00b0C, puissances 6 kW. Automate de r\u00e9gulation du chauffage et du refroidissement MC350, comprenant 8 programmes auto., un mode manuel et un mode de d\u00e9marrage diff\u00e9r\u00e9. Refroidissement par circulation d&#8217;eau dans le bain-marie, commande par \u00e9lectrovanne. Agitation d\u00e9port\u00e9e \u00e0 vitesse fixe 23 tours\/min. Couvercle amovible. Inclinaison manuelle de fin de vidange. Sortie SMS 51 M, vanne non comprise. Alimentation 400 Volts &#8211; 50 Hz, 3 phases + neutre + terre.<\/p>\n","protected":false},"excerpt":{"rendered":"<p>Pasteurisateur \u00e0 chauffage par r\u00e9sistances \u00e9lectriques jusqu\u00e0 90\u00b0C, puissances 6 kW. Automate de r\u00e9gulation du chauffage et du refroidissement MC350, comprenant 8 programmes auto., un mode manuel et un mode de d\u00e9marrage diff\u00e9r\u00e9. Refroidissement par circulation d&#8217;eau dans le bain-marie, commande par \u00e9lectrovanne. Agitation d\u00e9port\u00e9e \u00e0 vitesse fixe 23 tours\/min. Couvercle amovible. Inclinaison manuelle de fin de vidange. Sortie SMS 51 M, vanne non comprise. Alimentation 400 Volts &#8211; 50 Hz, 3 phases + neutre + terre.<\/p>\n","protected":false},"featured_media":61010,"comment_status":"closed","ping_status":"closed","template":"","meta":{"_acf_changed":false},"product_brand":[],"product_cat":[1497],"product_tag":[],"class_list":{"0":"post-61007","1":"product","2":"type-product","3":"status-publish","4":"has-post-thumbnail","6":"product_cat-cubas-de-pasteurizacion","8":"first","9":"onbackorder","10":"taxable","11":"shipping-taxable","12":"purchasable","13":"product-type-simple"},"acf":[],"_links":{"self":[{"href":"https:\/\/www.coquard.fr\/es\/wp-json\/wp\/v2\/product\/61007","targetHints":{"allow":["GET"]}}],"collection":[{"href":"https:\/\/www.coquard.fr\/es\/wp-json\/wp\/v2\/product"}],"about":[{"href":"https:\/\/www.coquard.fr\/es\/wp-json\/wp\/v2\/types\/product"}],"replies":[{"embeddable":true,"href":"https:\/\/www.coquard.fr\/es\/wp-json\/wp\/v2\/comments?post=61007"}],"wp:featuredmedia":[{"embeddable":true,"href":"https:\/\/www.coquard.fr\/es\/wp-json\/wp\/v2\/media\/61010"}],"wp:attachment":[{"href":"https:\/\/www.coquard.fr\/es\/wp-json\/wp\/v2\/media?parent=61007"}],"wp:term":[{"taxonomy":"product_brand","embeddable":true,"href":"https:\/\/www.coquard.fr\/es\/wp-json\/wp\/v2\/product_brand?post=61007"},{"taxonomy":"product_cat","embeddable":true,"href":"https:\/\/www.coquard.fr\/es\/wp-json\/wp\/v2\/product_cat?post=61007"},{"taxonomy":"product_tag","embeddable":true,"href":"https:\/\/www.coquard.fr\/es\/wp-json\/wp\/v2\/product_tag?post=61007"}],"curies":[{"name":"wp","href":"https:\/\/api.w.org\/{rel}","templated":true}]}}