{"id":60976,"date":"2024-07-22T11:29:10","date_gmt":"2024-07-22T09:29:10","guid":{"rendered":"https:\/\/www.coquard.fr\/produit\/paniere-a-roquefort-ht-200mm"},"modified":"2026-01-08T15:20:31","modified_gmt":"2026-01-08T14:20:31","slug":"paniere-a-roquefort-ht-200mm","status":"publish","type":"product","link":"https:\/\/www.coquard.fr\/es\/produit\/paniere-a-roquefort-ht-200mm","title":{"rendered":"CESTO PARA ROQUEFORT DIAM 212\/205 ALTURA 200 mm"},"content":{"rendered":"<p>Molde \u00abcesta\u00bb de pl\u00e1stico alimentario para el moldeo de quesos de tipo Roquefort. Perforaci\u00f3n del fondo y de los lados mediante estr\u00edas verticales. Di\u00e1metro superior 212 mm, di\u00e1metro inferior 205 mm, altura 200 mm. Referencia fabricante: RGM.<\/p>\n","protected":false},"excerpt":{"rendered":"<p>60976<\/p>\n","protected":false},"featured_media":43421,"comment_status":"closed","ping_status":"closed","template":"","meta":{"_acf_changed":false},"product_brand":[],"product_cat":[1597],"product_tag":[],"class_list":{"0":"post-60976","1":"product","2":"type-product","3":"status-publish","4":"has-post-thumbnail","6":"product_cat-moldes-de-plastico","8":"first","9":"instock","10":"taxable","11":"shipping-taxable","12":"purchasable","13":"product-type-simple"},"acf":[],"_links":{"self":[{"href":"https:\/\/www.coquard.fr\/es\/wp-json\/wp\/v2\/product\/60976","targetHints":{"allow":["GET"]}}],"collection":[{"href":"https:\/\/www.coquard.fr\/es\/wp-json\/wp\/v2\/product"}],"about":[{"href":"https:\/\/www.coquard.fr\/es\/wp-json\/wp\/v2\/types\/product"}],"replies":[{"embeddable":true,"href":"https:\/\/www.coquard.fr\/es\/wp-json\/wp\/v2\/comments?post=60976"}],"wp:featuredmedia":[{"embeddable":true,"href":"https:\/\/www.coquard.fr\/es\/wp-json\/wp\/v2\/media\/43421"}],"wp:attachment":[{"href":"https:\/\/www.coquard.fr\/es\/wp-json\/wp\/v2\/media?parent=60976"}],"wp:term":[{"taxonomy":"product_brand","embeddable":true,"href":"https:\/\/www.coquard.fr\/es\/wp-json\/wp\/v2\/product_brand?post=60976"},{"taxonomy":"product_cat","embeddable":true,"href":"https:\/\/www.coquard.fr\/es\/wp-json\/wp\/v2\/product_cat?post=60976"},{"taxonomy":"product_tag","embeddable":true,"href":"https:\/\/www.coquard.fr\/es\/wp-json\/wp\/v2\/product_tag?post=60976"}],"curies":[{"name":"wp","href":"https:\/\/api.w.org\/{rel}","templated":true}]}}