{"id":60972,"date":"2024-07-22T11:22:25","date_gmt":"2024-07-22T09:22:25","guid":{"rendered":"https:\/\/www.coquard.fr\/produit\/opercule-alu-cafe"},"modified":"2026-01-08T16:04:14","modified_gmt":"2026-01-08T15:04:14","slug":"opercule-alu-cafe","status":"publish","type":"product","link":"https:\/\/www.coquard.fr\/es\/produit\/opercule-alu-cafe","title":{"rendered":"OP\u00c9RCULO ALU. CAFE D.68 mm"},"content":{"rendered":"<p>Op\u00e9rculo impreso en aluminio con fotos de frutas en color para yogur aromatizado o con frutas, para tarro de pl\u00e1stico de poliestireno y de polipropileno. Dimensi\u00f3n: 68 mm. Perfume: caf\u00e9. Bl\u00edster de 2000. Precio para 1000 op\u00e9rculos.<\/p>\n","protected":false},"excerpt":{"rendered":"<p>60972<\/p>\n","protected":false},"featured_media":20657,"comment_status":"closed","ping_status":"closed","template":"","meta":{"_acf_changed":false},"product_brand":[],"product_cat":[1577],"product_tag":[],"class_list":{"0":"post-60972","1":"product","2":"type-product","3":"status-publish","4":"has-post-thumbnail","6":"product_cat-operculos","8":"first","9":"instock","10":"taxable","11":"shipping-taxable","12":"purchasable","13":"product-type-simple"},"acf":[],"_links":{"self":[{"href":"https:\/\/www.coquard.fr\/es\/wp-json\/wp\/v2\/product\/60972","targetHints":{"allow":["GET"]}}],"collection":[{"href":"https:\/\/www.coquard.fr\/es\/wp-json\/wp\/v2\/product"}],"about":[{"href":"https:\/\/www.coquard.fr\/es\/wp-json\/wp\/v2\/types\/product"}],"replies":[{"embeddable":true,"href":"https:\/\/www.coquard.fr\/es\/wp-json\/wp\/v2\/comments?post=60972"}],"wp:featuredmedia":[{"embeddable":true,"href":"https:\/\/www.coquard.fr\/es\/wp-json\/wp\/v2\/media\/20657"}],"wp:attachment":[{"href":"https:\/\/www.coquard.fr\/es\/wp-json\/wp\/v2\/media?parent=60972"}],"wp:term":[{"taxonomy":"product_brand","embeddable":true,"href":"https:\/\/www.coquard.fr\/es\/wp-json\/wp\/v2\/product_brand?post=60972"},{"taxonomy":"product_cat","embeddable":true,"href":"https:\/\/www.coquard.fr\/es\/wp-json\/wp\/v2\/product_cat?post=60972"},{"taxonomy":"product_tag","embeddable":true,"href":"https:\/\/www.coquard.fr\/es\/wp-json\/wp\/v2\/product_tag?post=60972"}],"curies":[{"name":"wp","href":"https:\/\/api.w.org\/{rel}","templated":true}]}}