{"id":60803,"date":"2024-07-16T09:54:40","date_gmt":"2024-07-16T07:54:40","guid":{"rendered":"https:\/\/www.coquard.fr\/produit\/garde-corps-inox-pour-escalier-034smc"},"modified":"2026-01-30T13:05:36","modified_gmt":"2026-01-30T12:05:36","slug":"garde-corps-inox-pour-escalier-034smc","status":"publish","type":"product","link":"https:\/\/www.coquard.fr\/es\/produit\/garde-corps-inox-pour-escalier-034smc","title":{"rendered":"GARDE-CORPS INOX POUR ESCALIER 034SMC"},"content":{"rendered":"<p>Option garde-corps inox pour escalier 3 marches 034SMC. Permet de s\u00e9curiser l&#8217;acc\u00e8s au tank \u00e0 lait en hauteur.<\/p>\n","protected":false},"excerpt":{"rendered":"<p>60803<\/p>\n","protected":false},"featured_media":60806,"comment_status":"closed","ping_status":"closed","template":"","meta":{"_acf_changed":false},"product_brand":[],"product_cat":[1533],"product_tag":[],"class_list":{"0":"post-60803","1":"product","2":"type-product","3":"status-publish","4":"has-post-thumbnail","6":"product_cat-tanques-de-leche-y-cisternas","8":"first","9":"instock","10":"taxable","11":"shipping-taxable","12":"purchasable","13":"product-type-simple"},"acf":[],"_links":{"self":[{"href":"https:\/\/www.coquard.fr\/es\/wp-json\/wp\/v2\/product\/60803","targetHints":{"allow":["GET"]}}],"collection":[{"href":"https:\/\/www.coquard.fr\/es\/wp-json\/wp\/v2\/product"}],"about":[{"href":"https:\/\/www.coquard.fr\/es\/wp-json\/wp\/v2\/types\/product"}],"replies":[{"embeddable":true,"href":"https:\/\/www.coquard.fr\/es\/wp-json\/wp\/v2\/comments?post=60803"}],"wp:featuredmedia":[{"embeddable":true,"href":"https:\/\/www.coquard.fr\/es\/wp-json\/wp\/v2\/media\/60806"}],"wp:attachment":[{"href":"https:\/\/www.coquard.fr\/es\/wp-json\/wp\/v2\/media?parent=60803"}],"wp:term":[{"taxonomy":"product_brand","embeddable":true,"href":"https:\/\/www.coquard.fr\/es\/wp-json\/wp\/v2\/product_brand?post=60803"},{"taxonomy":"product_cat","embeddable":true,"href":"https:\/\/www.coquard.fr\/es\/wp-json\/wp\/v2\/product_cat?post=60803"},{"taxonomy":"product_tag","embeddable":true,"href":"https:\/\/www.coquard.fr\/es\/wp-json\/wp\/v2\/product_tag?post=60803"}],"curies":[{"name":"wp","href":"https:\/\/api.w.org\/{rel}","templated":true}]}}