{"id":60002,"date":"2023-01-06T10:25:27","date_gmt":"2023-01-06T09:25:27","guid":{"rendered":"https:\/\/www.coquard.fr\/produit\/bruleur-50-kw-pour-marmite-et-chaudron"},"modified":"2026-03-31T11:37:47","modified_gmt":"2026-03-31T09:37:47","slug":"bruleur-50-kw-pour-marmite-et-chaudron","status":"publish","type":"product","link":"https:\/\/www.coquard.fr\/es\/produit\/bruleur-50-kw-pour-marmite-et-chaudron","title":{"rendered":"BRULEUR 50 KW POUR MARMITE ET CHAUDRON"},"content":{"rendered":"<p>Br\u00fbleur pour marmite et chaudron de 200 \u00e0 400 litres de lait environ. Br\u00fbleur \u00e0 gaz propane 50 KW \u00e0 1.5 bar, \u00e0 partir de 16 KW \u00e0 150 mbar. Montage sp\u00e9cifique sp\u00e9cial laiterie avec tube en inox et traitement nickel-chrome sur le br\u00fbleur. Flamme horizontale. S\u00e9curit\u00e9 de flamme inclus. N&#8217;inclus ni veilleuse ni allumage \u00e0 pile. Entraxe 450 mm. Diam\u00e8tre 140 mm. Arriv\u00e9e gaz M1\/4&#8243; sans flexible.  S&#8217;assurer d&#8217;une entr\u00e9e d&#8217;air et d&#8217;une ventilation suffisante dans le local.<\/p>\n","protected":false},"excerpt":{"rendered":"<p>Br\u00fbleur pour marmite et chaudron de 200 \u00e0 400 litres de lait environ. Br\u00fbleur \u00e0 gaz propane 50 KW \u00e0 1.5 bar, \u00e0 partir de 16 KW \u00e0 150 mbar. Montage sp\u00e9cifique sp\u00e9cial laiterie avec tube en inox et traitement nickel-chrome sur le br\u00fbleur. Flamme horizontale. S\u00e9curit\u00e9 de flamme inclus. N&#8217;inclus ni veilleuse ni allumage \u00e0 pile. Entraxe 450 mm. Diam\u00e8tre 140 mm. Arriv\u00e9e gaz M1\/4&#8243; sans flexible.  S&#8217;assurer d&#8217;une entr\u00e9e d&#8217;air et d&#8217;une ventilation suffisante dans le local.<\/p>\n","protected":false},"featured_media":47917,"comment_status":"closed","ping_status":"closed","template":"","meta":{"_acf_changed":false},"product_brand":[],"product_cat":[1511],"product_tag":[],"class_list":{"0":"post-60002","1":"product","2":"type-product","3":"status-publish","4":"has-post-thumbnail","6":"product_cat-marmitas-y-calderos","8":"first","9":"instock","10":"taxable","11":"shipping-taxable","12":"purchasable","13":"product-type-simple"},"acf":[],"yoast_head":"<!-- This site is optimized with the Yoast SEO plugin v27.5 - https:\/\/yoast.com\/product\/yoast-seo-wordpress\/ -->\n<title>BRULEUR 50 KW POUR MARMITE ET CHAUDRON - Ets Coquard<\/title>\n<meta name=\"robots\" content=\"index, follow, max-snippet:-1, max-image-preview:large, max-video-preview:-1\" \/>\n<link rel=\"canonical\" href=\"https:\/\/www.coquard.fr\/produit\/bruleur-50-kw-pour-marmite-et-chaudron\" \/>\n<meta property=\"og:locale\" content=\"es_ES\" \/>\n<meta property=\"og:type\" content=\"article\" \/>\n<meta property=\"og:title\" content=\"BRULEUR 50 KW POUR MARMITE ET CHAUDRON - Ets Coquard\" \/>\n<meta property=\"og:description\" content=\"Br\u00fbleur pour marmite et chaudron de 200 \u00e0 400 litres de lait environ. Br\u00fbleur \u00e0 gaz propane 50 KW \u00e0 1.5 bar, \u00e0 partir de 16 KW \u00e0 150 mbar. Montage sp\u00e9cifique sp\u00e9cial laiterie avec tube en inox et traitement nickel-chrome sur le br\u00fbleur. Flamme horizontale. S\u00e9curit\u00e9 de flamme inclus. N&#039;inclus ni veilleuse ni allumage \u00e0 pile. Entraxe 450 mm. Diam\u00e8tre 140 mm. Arriv\u00e9e gaz M1\/4&quot; sans flexible. S&#039;assurer d&#039;une entr\u00e9e d&#039;air et d&#039;une ventilation suffisante dans le local.\" \/>\n<meta property=\"og:url\" content=\"https:\/\/www.coquard.fr\/produit\/bruleur-50-kw-pour-marmite-et-chaudron\" \/>\n<meta property=\"og:site_name\" content=\"Ets Coquard\" \/>\n<meta property=\"article:modified_time\" content=\"2026-03-31T09:37:47+00:00\" \/>\n<meta property=\"og:image\" content=\"https:\/\/www.coquard.fr\/wp-content\/uploads\/037ghc-bruleur-50kw-materieldefromagerie-photo1-1.jpeg\" \/>\n\t<meta property=\"og:image:width\" content=\"1000\" \/>\n\t<meta property=\"og:image:height\" content=\"1000\" \/>\n\t<meta property=\"og:image:type\" content=\"image\/jpeg\" \/>\n<meta name=\"twitter:card\" content=\"summary_large_image\" \/>\n<script type=\"application\/ld+json\" class=\"yoast-schema-graph\">{\"@context\":\"https:\\\/\\\/schema.org\",\"@graph\":[{\"@type\":\"WebPage\",\"@id\":\"https:\\\/\\\/www.coquard.fr\\\/produit\\\/bruleur-50-kw-pour-marmite-et-chaudron\",\"url\":\"https:\\\/\\\/www.coquard.fr\\\/produit\\\/bruleur-50-kw-pour-marmite-et-chaudron\",\"name\":\"BRULEUR 50 KW POUR MARMITE ET CHAUDRON - Ets Coquard\",\"isPartOf\":{\"@id\":\"https:\\\/\\\/www.coquard.fr\\\/#website\"},\"primaryImageOfPage\":{\"@id\":\"https:\\\/\\\/www.coquard.fr\\\/produit\\\/bruleur-50-kw-pour-marmite-et-chaudron#primaryimage\"},\"image\":{\"@id\":\"https:\\\/\\\/www.coquard.fr\\\/produit\\\/bruleur-50-kw-pour-marmite-et-chaudron#primaryimage\"},\"thumbnailUrl\":\"https:\\\/\\\/www.coquard.fr\\\/wp-content\\\/uploads\\\/037ghc-bruleur-50kw-materieldefromagerie-photo1-1.jpeg\",\"datePublished\":\"2023-01-06T09:25:27+00:00\",\"dateModified\":\"2026-03-31T09:37:47+00:00\",\"breadcrumb\":{\"@id\":\"https:\\\/\\\/www.coquard.fr\\\/produit\\\/bruleur-50-kw-pour-marmite-et-chaudron#breadcrumb\"},\"inLanguage\":\"es\",\"potentialAction\":[{\"@type\":\"ReadAction\",\"target\":[\"https:\\\/\\\/www.coquard.fr\\\/produit\\\/bruleur-50-kw-pour-marmite-et-chaudron\"]}]},{\"@type\":\"ImageObject\",\"inLanguage\":\"es\",\"@id\":\"https:\\\/\\\/www.coquard.fr\\\/produit\\\/bruleur-50-kw-pour-marmite-et-chaudron#primaryimage\",\"url\":\"https:\\\/\\\/www.coquard.fr\\\/wp-content\\\/uploads\\\/037ghc-bruleur-50kw-materieldefromagerie-photo1-1.jpeg\",\"contentUrl\":\"https:\\\/\\\/www.coquard.fr\\\/wp-content\\\/uploads\\\/037ghc-bruleur-50kw-materieldefromagerie-photo1-1.jpeg\",\"width\":1000,\"height\":1000},{\"@type\":\"BreadcrumbList\",\"@id\":\"https:\\\/\\\/www.coquard.fr\\\/produit\\\/bruleur-50-kw-pour-marmite-et-chaudron#breadcrumb\",\"itemListElement\":[{\"@type\":\"ListItem\",\"position\":1,\"name\":\"Home\",\"item\":\"https:\\\/\\\/www.coquard.fr\\\/es\"},{\"@type\":\"ListItem\",\"position\":2,\"name\":\"Tienda\",\"item\":\"https:\\\/\\\/www.coquard.fr\\\/es\\\/tienda\"},{\"@type\":\"ListItem\",\"position\":3,\"name\":\"BRULEUR 50 KW POUR MARMITE ET CHAUDRON\"}]},{\"@type\":\"WebSite\",\"@id\":\"https:\\\/\\\/www.coquard.fr\\\/#website\",\"url\":\"https:\\\/\\\/www.coquard.fr\\\/\",\"name\":\"Ets Coquard\",\"description\":\"Equipements fromagerie fermi\u00e8re\",\"publisher\":{\"@id\":\"https:\\\/\\\/www.coquard.fr\\\/#organization\"},\"potentialAction\":[{\"@type\":\"SearchAction\",\"target\":{\"@type\":\"EntryPoint\",\"urlTemplate\":\"https:\\\/\\\/www.coquard.fr\\\/?s={search_term_string}\"},\"query-input\":{\"@type\":\"PropertyValueSpecification\",\"valueRequired\":true,\"valueName\":\"search_term_string\"}}],\"inLanguage\":\"es\"},{\"@type\":\"Organization\",\"@id\":\"https:\\\/\\\/www.coquard.fr\\\/#organization\",\"name\":\"Coquard\",\"url\":\"https:\\\/\\\/www.coquard.fr\\\/\",\"logo\":{\"@type\":\"ImageObject\",\"inLanguage\":\"es\",\"@id\":\"https:\\\/\\\/www.coquard.fr\\\/#\\\/schema\\\/logo\\\/image\\\/\",\"url\":\"https:\\\/\\\/www.coquard.fr\\\/wp-content\\\/uploads\\\/cropped-logo-coquard-quadri-fond-blanc.png\",\"contentUrl\":\"https:\\\/\\\/www.coquard.fr\\\/wp-content\\\/uploads\\\/cropped-logo-coquard-quadri-fond-blanc.png\",\"width\":1824,\"height\":701,\"caption\":\"Coquard\"},\"image\":{\"@id\":\"https:\\\/\\\/www.coquard.fr\\\/#\\\/schema\\\/logo\\\/image\\\/\"}}]}<\/script>\n<!-- \/ Yoast SEO plugin. -->","yoast_head_json":{"title":"BRULEUR 50 KW POUR MARMITE ET CHAUDRON - Ets Coquard","robots":{"index":"index","follow":"follow","max-snippet":"max-snippet:-1","max-image-preview":"max-image-preview:large","max-video-preview":"max-video-preview:-1"},"canonical":"https:\/\/www.coquard.fr\/produit\/bruleur-50-kw-pour-marmite-et-chaudron","og_locale":"es_ES","og_type":"article","og_title":"BRULEUR 50 KW POUR MARMITE ET CHAUDRON - Ets Coquard","og_description":"Br\u00fbleur pour marmite et chaudron de 200 \u00e0 400 litres de lait environ. Br\u00fbleur \u00e0 gaz propane 50 KW \u00e0 1.5 bar, \u00e0 partir de 16 KW \u00e0 150 mbar. Montage sp\u00e9cifique sp\u00e9cial laiterie avec tube en inox et traitement nickel-chrome sur le br\u00fbleur. Flamme horizontale. S\u00e9curit\u00e9 de flamme inclus. N'inclus ni veilleuse ni allumage \u00e0 pile. Entraxe 450 mm. Diam\u00e8tre 140 mm. Arriv\u00e9e gaz M1\/4\" sans flexible. S'assurer d'une entr\u00e9e d'air et d'une ventilation suffisante dans le local.","og_url":"https:\/\/www.coquard.fr\/produit\/bruleur-50-kw-pour-marmite-et-chaudron","og_site_name":"Ets Coquard","article_modified_time":"2026-03-31T09:37:47+00:00","og_image":[{"width":1000,"height":1000,"url":"https:\/\/www.coquard.fr\/wp-content\/uploads\/037ghc-bruleur-50kw-materieldefromagerie-photo1-1.jpeg","type":"image\/jpeg"}],"twitter_card":"summary_large_image","schema":{"@context":"https:\/\/schema.org","@graph":[{"@type":"WebPage","@id":"https:\/\/www.coquard.fr\/produit\/bruleur-50-kw-pour-marmite-et-chaudron","url":"https:\/\/www.coquard.fr\/produit\/bruleur-50-kw-pour-marmite-et-chaudron","name":"BRULEUR 50 KW POUR MARMITE ET CHAUDRON - Ets Coquard","isPartOf":{"@id":"https:\/\/www.coquard.fr\/#website"},"primaryImageOfPage":{"@id":"https:\/\/www.coquard.fr\/produit\/bruleur-50-kw-pour-marmite-et-chaudron#primaryimage"},"image":{"@id":"https:\/\/www.coquard.fr\/produit\/bruleur-50-kw-pour-marmite-et-chaudron#primaryimage"},"thumbnailUrl":"https:\/\/www.coquard.fr\/wp-content\/uploads\/037ghc-bruleur-50kw-materieldefromagerie-photo1-1.jpeg","datePublished":"2023-01-06T09:25:27+00:00","dateModified":"2026-03-31T09:37:47+00:00","breadcrumb":{"@id":"https:\/\/www.coquard.fr\/produit\/bruleur-50-kw-pour-marmite-et-chaudron#breadcrumb"},"inLanguage":"es","potentialAction":[{"@type":"ReadAction","target":["https:\/\/www.coquard.fr\/produit\/bruleur-50-kw-pour-marmite-et-chaudron"]}]},{"@type":"ImageObject","inLanguage":"es","@id":"https:\/\/www.coquard.fr\/produit\/bruleur-50-kw-pour-marmite-et-chaudron#primaryimage","url":"https:\/\/www.coquard.fr\/wp-content\/uploads\/037ghc-bruleur-50kw-materieldefromagerie-photo1-1.jpeg","contentUrl":"https:\/\/www.coquard.fr\/wp-content\/uploads\/037ghc-bruleur-50kw-materieldefromagerie-photo1-1.jpeg","width":1000,"height":1000},{"@type":"BreadcrumbList","@id":"https:\/\/www.coquard.fr\/produit\/bruleur-50-kw-pour-marmite-et-chaudron#breadcrumb","itemListElement":[{"@type":"ListItem","position":1,"name":"Home","item":"https:\/\/www.coquard.fr\/es"},{"@type":"ListItem","position":2,"name":"Tienda","item":"https:\/\/www.coquard.fr\/es\/tienda"},{"@type":"ListItem","position":3,"name":"BRULEUR 50 KW POUR MARMITE ET CHAUDRON"}]},{"@type":"WebSite","@id":"https:\/\/www.coquard.fr\/#website","url":"https:\/\/www.coquard.fr\/","name":"Ets Coquard","description":"Equipements fromagerie fermi\u00e8re","publisher":{"@id":"https:\/\/www.coquard.fr\/#organization"},"potentialAction":[{"@type":"SearchAction","target":{"@type":"EntryPoint","urlTemplate":"https:\/\/www.coquard.fr\/?s={search_term_string}"},"query-input":{"@type":"PropertyValueSpecification","valueRequired":true,"valueName":"search_term_string"}}],"inLanguage":"es"},{"@type":"Organization","@id":"https:\/\/www.coquard.fr\/#organization","name":"Coquard","url":"https:\/\/www.coquard.fr\/","logo":{"@type":"ImageObject","inLanguage":"es","@id":"https:\/\/www.coquard.fr\/#\/schema\/logo\/image\/","url":"https:\/\/www.coquard.fr\/wp-content\/uploads\/cropped-logo-coquard-quadri-fond-blanc.png","contentUrl":"https:\/\/www.coquard.fr\/wp-content\/uploads\/cropped-logo-coquard-quadri-fond-blanc.png","width":1824,"height":701,"caption":"Coquard"},"image":{"@id":"https:\/\/www.coquard.fr\/#\/schema\/logo\/image\/"}}]}},"_links":{"self":[{"href":"https:\/\/www.coquard.fr\/es\/wp-json\/wp\/v2\/product\/60002","targetHints":{"allow":["GET"]}}],"collection":[{"href":"https:\/\/www.coquard.fr\/es\/wp-json\/wp\/v2\/product"}],"about":[{"href":"https:\/\/www.coquard.fr\/es\/wp-json\/wp\/v2\/types\/product"}],"replies":[{"embeddable":true,"href":"https:\/\/www.coquard.fr\/es\/wp-json\/wp\/v2\/comments?post=60002"}],"wp:featuredmedia":[{"embeddable":true,"href":"https:\/\/www.coquard.fr\/es\/wp-json\/wp\/v2\/media\/47917"}],"wp:attachment":[{"href":"https:\/\/www.coquard.fr\/es\/wp-json\/wp\/v2\/media?parent=60002"}],"wp:term":[{"taxonomy":"product_brand","embeddable":true,"href":"https:\/\/www.coquard.fr\/es\/wp-json\/wp\/v2\/product_brand?post=60002"},{"taxonomy":"product_cat","embeddable":true,"href":"https:\/\/www.coquard.fr\/es\/wp-json\/wp\/v2\/product_cat?post=60002"},{"taxonomy":"product_tag","embeddable":true,"href":"https:\/\/www.coquard.fr\/es\/wp-json\/wp\/v2\/product_tag?post=60002"}],"curies":[{"name":"wp","href":"https:\/\/api.w.org\/{rel}","templated":true}]}}