{"id":59880,"date":"2022-06-29T21:05:26","date_gmt":"2022-06-29T19:05:26","guid":{"rendered":"https:\/\/www.coquard.fr\/produit\/sechoir-600-w-avec-regulation-hygro"},"modified":"2026-04-12T23:12:54","modified_gmt":"2026-04-12T21:12:54","slug":"sechoir-600-w-avec-regulation-hygro","status":"publish","type":"product","link":"https:\/\/www.coquard.fr\/es\/produit\/sechoir-600-w-avec-regulation-hygro","title":{"rendered":"SECADOR CAPACIDAD 500 LITROS"},"content":{"rendered":"<p>Verdadero secadero que integra la medici\u00f3n y la regulaci\u00f3n de la higrometr\u00eda. Se compone de un armario de 500 litros con fr\u00edo ventilado ajustable en temperatura de +2\u00b0C a +20\u00b0C, de un grupo frigor\u00edfico que permite atrapar la humedad por congelaci\u00f3n, de una resistencia que permite el deshielo. Entregada con 4 cajoneras plastificadas. \ufeff\ufeffCapacidad total 15 cajoneras. Entregada sobre base de acero inoxidable con 4 pies ajustables de 100 mm a 130 mm. Alimentaci\u00f3n 230 V, 50 Hz. Dimensiones exteriores: profundidad 740 mm, anchura 750 mm, altura con pies 2.050 mm.<\/p>\n","protected":false},"excerpt":{"rendered":"<p>59880<\/p>\n","protected":false},"featured_media":46585,"comment_status":"closed","ping_status":"closed","template":"","meta":{"_acf_changed":false},"product_brand":[],"product_cat":[1526],"product_tag":[],"class_list":{"0":"post-59880","1":"product","2":"type-product","3":"status-publish","4":"has-post-thumbnail","6":"product_cat-secador-y-camara-de-maduracion","8":"first","9":"onbackorder","10":"taxable","11":"shipping-taxable","12":"purchasable","13":"product-type-simple"},"acf":[],"_links":{"self":[{"href":"https:\/\/www.coquard.fr\/es\/wp-json\/wp\/v2\/product\/59880","targetHints":{"allow":["GET"]}}],"collection":[{"href":"https:\/\/www.coquard.fr\/es\/wp-json\/wp\/v2\/product"}],"about":[{"href":"https:\/\/www.coquard.fr\/es\/wp-json\/wp\/v2\/types\/product"}],"replies":[{"embeddable":true,"href":"https:\/\/www.coquard.fr\/es\/wp-json\/wp\/v2\/comments?post=59880"}],"wp:featuredmedia":[{"embeddable":true,"href":"https:\/\/www.coquard.fr\/es\/wp-json\/wp\/v2\/media\/46585"}],"wp:attachment":[{"href":"https:\/\/www.coquard.fr\/es\/wp-json\/wp\/v2\/media?parent=59880"}],"wp:term":[{"taxonomy":"product_brand","embeddable":true,"href":"https:\/\/www.coquard.fr\/es\/wp-json\/wp\/v2\/product_brand?post=59880"},{"taxonomy":"product_cat","embeddable":true,"href":"https:\/\/www.coquard.fr\/es\/wp-json\/wp\/v2\/product_cat?post=59880"},{"taxonomy":"product_tag","embeddable":true,"href":"https:\/\/www.coquard.fr\/es\/wp-json\/wp\/v2\/product_tag?post=59880"}],"curies":[{"name":"wp","href":"https:\/\/api.w.org\/{rel}","templated":true}]}}