{"id":59526,"date":"2024-06-05T15:59:58","date_gmt":"2024-06-05T13:59:58","guid":{"rendered":"https:\/\/www.coquard.fr\/produit\/couvercle-pour-alveoles-903adb"},"modified":"2026-01-08T15:53:13","modified_gmt":"2026-01-08T14:53:13","slug":"couvercle-pour-alveoles-903adb","status":"publish","type":"product","link":"https:\/\/www.coquard.fr\/es\/produit\/couvercle-pour-alveoles-903adb","title":{"rendered":"COUVERCLE POUR ALVEOLES 903ADB"},"content":{"rendered":"<p>Pour plateaux alv\u00e9ol\u00e9s 6 faisselles n\u00b00. Polypropyl\u00e8ne transparent. Carton de 336. Vendu \u00e0 l&#8217;unit\u00e9.<\/p>\n","protected":false},"excerpt":{"rendered":"<p>59526<\/p>\n","protected":false},"featured_media":59538,"comment_status":"closed","ping_status":"closed","template":"","meta":{"_acf_changed":false},"product_brand":[],"product_cat":[1575],"product_tag":[],"class_list":{"0":"post-59526","1":"product","2":"type-product","3":"status-publish","4":"has-post-thumbnail","6":"product_cat-moldes-desechables-y-envases-de-alveolos","8":"first","9":"instock","10":"taxable","11":"shipping-taxable","12":"purchasable","13":"product-type-simple"},"acf":[],"_links":{"self":[{"href":"https:\/\/www.coquard.fr\/es\/wp-json\/wp\/v2\/product\/59526","targetHints":{"allow":["GET"]}}],"collection":[{"href":"https:\/\/www.coquard.fr\/es\/wp-json\/wp\/v2\/product"}],"about":[{"href":"https:\/\/www.coquard.fr\/es\/wp-json\/wp\/v2\/types\/product"}],"replies":[{"embeddable":true,"href":"https:\/\/www.coquard.fr\/es\/wp-json\/wp\/v2\/comments?post=59526"}],"wp:featuredmedia":[{"embeddable":true,"href":"https:\/\/www.coquard.fr\/es\/wp-json\/wp\/v2\/media\/59538"}],"wp:attachment":[{"href":"https:\/\/www.coquard.fr\/es\/wp-json\/wp\/v2\/media?parent=59526"}],"wp:term":[{"taxonomy":"product_brand","embeddable":true,"href":"https:\/\/www.coquard.fr\/es\/wp-json\/wp\/v2\/product_brand?post=59526"},{"taxonomy":"product_cat","embeddable":true,"href":"https:\/\/www.coquard.fr\/es\/wp-json\/wp\/v2\/product_cat?post=59526"},{"taxonomy":"product_tag","embeddable":true,"href":"https:\/\/www.coquard.fr\/es\/wp-json\/wp\/v2\/product_tag?post=59526"}],"curies":[{"name":"wp","href":"https:\/\/api.w.org\/{rel}","templated":true}]}}