{"id":57672,"date":"2024-03-27T16:07:19","date_gmt":"2024-03-27T15:07:19","guid":{"rendered":"https:\/\/www.coquard.fr\/produit\/pot-carton-490ml-blanc-diametre-95-par-10"},"modified":"2026-01-08T15:56:53","modified_gmt":"2026-01-08T14:56:53","slug":"pot-carton-490ml-blanc-diametre-95-par-10","status":"publish","type":"product","link":"https:\/\/www.coquard.fr\/es\/produit\/pot-carton-490ml-blanc-diametre-95-par-10","title":{"rendered":"POT CARTON 490ML BLANC DIAMETRE 95 PAR 10"},"content":{"rendered":"<p>Pot pour yaourt et glace en carton avec revetement int\u00e9rieur et ext\u00e9rieur en PE. Contenance 489ml, Diam\u00e8tre 95 mm. Scellable avec opercule 915AAA. Couvercle vendu s\u00e9par\u00e9ment r\u00e9f. 909EAD. Carton de 608 pi\u00e8ces. Vendu \u00e0 la dizaine.<\/p>\n","protected":false},"excerpt":{"rendered":"<p>57672<\/p>\n","protected":false},"featured_media":57675,"comment_status":"closed","ping_status":"closed","template":"","meta":{"_acf_changed":false},"product_brand":[],"product_cat":[1581],"product_tag":[],"class_list":{"0":"post-57672","1":"product","2":"type-product","3":"status-publish","4":"has-post-thumbnail","6":"product_cat-botes-de-yogur","8":"first","9":"instock","10":"taxable","11":"shipping-taxable","12":"purchasable","13":"product-type-simple"},"acf":[],"_links":{"self":[{"href":"https:\/\/www.coquard.fr\/es\/wp-json\/wp\/v2\/product\/57672","targetHints":{"allow":["GET"]}}],"collection":[{"href":"https:\/\/www.coquard.fr\/es\/wp-json\/wp\/v2\/product"}],"about":[{"href":"https:\/\/www.coquard.fr\/es\/wp-json\/wp\/v2\/types\/product"}],"replies":[{"embeddable":true,"href":"https:\/\/www.coquard.fr\/es\/wp-json\/wp\/v2\/comments?post=57672"}],"wp:featuredmedia":[{"embeddable":true,"href":"https:\/\/www.coquard.fr\/es\/wp-json\/wp\/v2\/media\/57675"}],"wp:attachment":[{"href":"https:\/\/www.coquard.fr\/es\/wp-json\/wp\/v2\/media?parent=57672"}],"wp:term":[{"taxonomy":"product_brand","embeddable":true,"href":"https:\/\/www.coquard.fr\/es\/wp-json\/wp\/v2\/product_brand?post=57672"},{"taxonomy":"product_cat","embeddable":true,"href":"https:\/\/www.coquard.fr\/es\/wp-json\/wp\/v2\/product_cat?post=57672"},{"taxonomy":"product_tag","embeddable":true,"href":"https:\/\/www.coquard.fr\/es\/wp-json\/wp\/v2\/product_tag?post=57672"}],"curies":[{"name":"wp","href":"https:\/\/api.w.org\/{rel}","templated":true}]}}