{"id":57331,"date":"2024-03-14T15:51:35","date_gmt":"2024-03-14T14:51:35","guid":{"rendered":"https:\/\/www.coquard.fr\/produit\/bouchon-jaune-a-vis-solidaire-bouteille-2l-1l-50cl-25cl"},"modified":"2026-01-30T13:57:11","modified_gmt":"2026-01-30T12:57:11","slug":"bouchon-jaune-a-vis-solidaire-bouteille-2l-1l-50cl-25cl","status":"publish","type":"product","link":"https:\/\/www.coquard.fr\/es\/produit\/bouchon-jaune-a-vis-solidaire-bouteille-2l-1l-50cl-25cl","title":{"rendered":"BOUCHON JAUNE A VIS SOLIDAIRE BOUTEILLE 2L, 1L, 50CL, 25CL."},"content":{"rendered":"<p>Bouchon jaune solidaire pour bouteille \u00e0 lait 2 litres, 1 litre, 1\/2 litre ou 1\/4 de litre avec bague d&#8217;inviolabilit\u00e9. Prix \u00e0 l&#8217;unit\u00e9.<\/p>\n","protected":false},"excerpt":{"rendered":"<p>57331<\/p>\n","protected":false},"featured_media":57334,"comment_status":"closed","ping_status":"closed","template":"","meta":{"_acf_changed":false},"product_brand":[],"product_cat":[1573],"product_tag":[],"class_list":{"0":"post-57331","1":"product","2":"type-product","3":"status-publish","4":"has-post-thumbnail","6":"product_cat-botellas-de-leche","8":"first","9":"instock","10":"taxable","11":"shipping-taxable","12":"purchasable","13":"product-type-simple"},"acf":[],"_links":{"self":[{"href":"https:\/\/www.coquard.fr\/es\/wp-json\/wp\/v2\/product\/57331","targetHints":{"allow":["GET"]}}],"collection":[{"href":"https:\/\/www.coquard.fr\/es\/wp-json\/wp\/v2\/product"}],"about":[{"href":"https:\/\/www.coquard.fr\/es\/wp-json\/wp\/v2\/types\/product"}],"replies":[{"embeddable":true,"href":"https:\/\/www.coquard.fr\/es\/wp-json\/wp\/v2\/comments?post=57331"}],"wp:featuredmedia":[{"embeddable":true,"href":"https:\/\/www.coquard.fr\/es\/wp-json\/wp\/v2\/media\/57334"}],"wp:attachment":[{"href":"https:\/\/www.coquard.fr\/es\/wp-json\/wp\/v2\/media?parent=57331"}],"wp:term":[{"taxonomy":"product_brand","embeddable":true,"href":"https:\/\/www.coquard.fr\/es\/wp-json\/wp\/v2\/product_brand?post=57331"},{"taxonomy":"product_cat","embeddable":true,"href":"https:\/\/www.coquard.fr\/es\/wp-json\/wp\/v2\/product_cat?post=57331"},{"taxonomy":"product_tag","embeddable":true,"href":"https:\/\/www.coquard.fr\/es\/wp-json\/wp\/v2\/product_tag?post=57331"}],"curies":[{"name":"wp","href":"https:\/\/api.w.org\/{rel}","templated":true}]}}