{"id":57300,"date":"2024-03-14T12:22:04","date_gmt":"2024-03-14T11:22:04","guid":{"rendered":"https:\/\/www.coquard.fr\/produit\/grille-inox-pour-fond-de-plonge-114dga"},"modified":"2026-04-01T21:17:42","modified_gmt":"2026-04-01T19:17:42","slug":"grille-inox-pour-fond-de-plonge-114dga","status":"publish","type":"product","link":"https:\/\/www.coquard.fr\/es\/produit\/grille-inox-pour-fond-de-plonge-114dga","title":{"rendered":"GRILLE INOX POUR FOND DE PLONGE 114DGA"},"content":{"rendered":"<p>Grille inox de de fond pour bac de lavage pour sur\u00e9lever le petit mat\u00e9riel \u00e0 laver. Dimensions : 800 mm x 600 mm. Hauteur pieds 150 mm.   <\/p>\n","protected":false},"excerpt":{"rendered":"<p>57300<\/p>\n","protected":false},"featured_media":73262,"comment_status":"closed","ping_status":"closed","template":"","meta":{"_acf_changed":false},"product_brand":[],"product_cat":[1453],"product_tag":[],"class_list":{"0":"post-57300","1":"product","2":"type-product","3":"status-publish","4":"has-post-thumbnail","6":"product_cat-material-de-limpieza","8":"first","9":"instock","10":"taxable","11":"shipping-taxable","12":"purchasable","13":"product-type-simple"},"acf":[],"_links":{"self":[{"href":"https:\/\/www.coquard.fr\/es\/wp-json\/wp\/v2\/product\/57300","targetHints":{"allow":["GET"]}}],"collection":[{"href":"https:\/\/www.coquard.fr\/es\/wp-json\/wp\/v2\/product"}],"about":[{"href":"https:\/\/www.coquard.fr\/es\/wp-json\/wp\/v2\/types\/product"}],"replies":[{"embeddable":true,"href":"https:\/\/www.coquard.fr\/es\/wp-json\/wp\/v2\/comments?post=57300"}],"wp:featuredmedia":[{"embeddable":true,"href":"https:\/\/www.coquard.fr\/es\/wp-json\/wp\/v2\/media\/73262"}],"wp:attachment":[{"href":"https:\/\/www.coquard.fr\/es\/wp-json\/wp\/v2\/media?parent=57300"}],"wp:term":[{"taxonomy":"product_brand","embeddable":true,"href":"https:\/\/www.coquard.fr\/es\/wp-json\/wp\/v2\/product_brand?post=57300"},{"taxonomy":"product_cat","embeddable":true,"href":"https:\/\/www.coquard.fr\/es\/wp-json\/wp\/v2\/product_cat?post=57300"},{"taxonomy":"product_tag","embeddable":true,"href":"https:\/\/www.coquard.fr\/es\/wp-json\/wp\/v2\/product_tag?post=57300"}],"curies":[{"name":"wp","href":"https:\/\/api.w.org\/{rel}","templated":true}]}}