{"id":57294,"date":"2024-03-14T12:14:51","date_gmt":"2024-03-14T11:14:51","guid":{"rendered":"https:\/\/www.coquard.fr\/produit\/pistolet-de-lavage-seul"},"modified":"2026-04-01T21:17:45","modified_gmt":"2026-04-01T19:17:45","slug":"pistolet-de-lavage-seul","status":"publish","type":"product","link":"https:\/\/www.coquard.fr\/es\/produit\/pistolet-de-lavage-seul","title":{"rendered":"PISTOLET DE LAVAGE SEUL"},"content":{"rendered":"<p>Pistolet permettant le nettoyage \u00e0 l&#8217;eau froide ou chaude, sous forme de brouillard ou de jet large ou concentr\u00e9. Tr\u00e8s bonne isolation de la poign\u00e9e. Livr\u00e9 sans raccord. Coupleurs rapides vendus s\u00e9par\u00e9ment.<\/p>\n","protected":false},"excerpt":{"rendered":"<p>57294<\/p>\n","protected":false},"featured_media":57297,"comment_status":"closed","ping_status":"closed","template":"","meta":{"_acf_changed":false},"product_brand":[],"product_cat":[1453],"product_tag":[],"class_list":{"0":"post-57294","1":"product","2":"type-product","3":"status-publish","4":"has-post-thumbnail","6":"product_cat-material-de-limpieza","8":"first","9":"onbackorder","10":"taxable","11":"shipping-taxable","12":"purchasable","13":"product-type-simple"},"acf":[],"_links":{"self":[{"href":"https:\/\/www.coquard.fr\/es\/wp-json\/wp\/v2\/product\/57294","targetHints":{"allow":["GET"]}}],"collection":[{"href":"https:\/\/www.coquard.fr\/es\/wp-json\/wp\/v2\/product"}],"about":[{"href":"https:\/\/www.coquard.fr\/es\/wp-json\/wp\/v2\/types\/product"}],"replies":[{"embeddable":true,"href":"https:\/\/www.coquard.fr\/es\/wp-json\/wp\/v2\/comments?post=57294"}],"wp:featuredmedia":[{"embeddable":true,"href":"https:\/\/www.coquard.fr\/es\/wp-json\/wp\/v2\/media\/57297"}],"wp:attachment":[{"href":"https:\/\/www.coquard.fr\/es\/wp-json\/wp\/v2\/media?parent=57294"}],"wp:term":[{"taxonomy":"product_brand","embeddable":true,"href":"https:\/\/www.coquard.fr\/es\/wp-json\/wp\/v2\/product_brand?post=57294"},{"taxonomy":"product_cat","embeddable":true,"href":"https:\/\/www.coquard.fr\/es\/wp-json\/wp\/v2\/product_cat?post=57294"},{"taxonomy":"product_tag","embeddable":true,"href":"https:\/\/www.coquard.fr\/es\/wp-json\/wp\/v2\/product_tag?post=57294"}],"curies":[{"name":"wp","href":"https:\/\/api.w.org\/{rel}","templated":true}]}}