{"id":57099,"date":"2024-03-08T14:49:40","date_gmt":"2024-03-08T13:49:40","guid":{"rendered":"https:\/\/www.coquard.fr\/produit\/systeme-anti-coup-de-belier-pour-proteger-luv"},"modified":"2026-01-08T15:50:34","modified_gmt":"2026-01-08T14:50:34","slug":"systeme-anti-coup-de-belier-pour-proteger-luv","status":"publish","type":"product","link":"https:\/\/www.coquard.fr\/es\/produit\/systeme-anti-coup-de-belier-pour-proteger-luv","title":{"rendered":"SYSTEME ANTI COUP DE BELIER POUR PROTEGER L&#8217;UV"},"content":{"rendered":"<p>A installer en aval du traitement UV le prot\u00e8ge des coups de b\u00e9lier produit sur les installations longues. Livr\u00e9e avec 1 T\u00e9 laiton F.F.M. 3\/4&#8243; <\/p>\n","protected":false},"excerpt":{"rendered":"<p>57099<\/p>\n","protected":false},"featured_media":57102,"comment_status":"closed","ping_status":"closed","template":"","meta":{"_acf_changed":false},"product_brand":[],"product_cat":[1598],"product_tag":[],"class_list":{"0":"post-57099","1":"product","2":"type-product","3":"status-publish","4":"has-post-thumbnail","6":"product_cat-tratamiento-de-agua-es","8":"first","9":"instock","10":"taxable","11":"shipping-taxable","12":"purchasable","13":"product-type-simple"},"acf":[],"_links":{"self":[{"href":"https:\/\/www.coquard.fr\/es\/wp-json\/wp\/v2\/product\/57099","targetHints":{"allow":["GET"]}}],"collection":[{"href":"https:\/\/www.coquard.fr\/es\/wp-json\/wp\/v2\/product"}],"about":[{"href":"https:\/\/www.coquard.fr\/es\/wp-json\/wp\/v2\/types\/product"}],"replies":[{"embeddable":true,"href":"https:\/\/www.coquard.fr\/es\/wp-json\/wp\/v2\/comments?post=57099"}],"wp:featuredmedia":[{"embeddable":true,"href":"https:\/\/www.coquard.fr\/es\/wp-json\/wp\/v2\/media\/57102"}],"wp:attachment":[{"href":"https:\/\/www.coquard.fr\/es\/wp-json\/wp\/v2\/media?parent=57099"}],"wp:term":[{"taxonomy":"product_brand","embeddable":true,"href":"https:\/\/www.coquard.fr\/es\/wp-json\/wp\/v2\/product_brand?post=57099"},{"taxonomy":"product_cat","embeddable":true,"href":"https:\/\/www.coquard.fr\/es\/wp-json\/wp\/v2\/product_cat?post=57099"},{"taxonomy":"product_tag","embeddable":true,"href":"https:\/\/www.coquard.fr\/es\/wp-json\/wp\/v2\/product_tag?post=57099"}],"curies":[{"name":"wp","href":"https:\/\/api.w.org\/{rel}","templated":true}]}}