{"id":55856,"date":"2021-11-04T22:04:13","date_gmt":"2021-11-04T21:04:13","guid":{"rendered":"https:\/\/www.coquard.fr\/produit\/armoire-refrigeree-porte-vitree"},"modified":"2026-04-12T22:42:21","modified_gmt":"2026-04-12T20:42:21","slug":"armoire-refrigeree-porte-vitree","status":"publish","type":"product","link":"https:\/\/www.coquard.fr\/es\/produit\/armoire-refrigeree-porte-vitree","title":{"rendered":"ARMARIO REFRIGERADO 500 L CON PUERTA ACRISTALADA"},"content":{"rendered":"<p>Armario frigor\u00edfico con una capacidad de 500 litros con puerta acristalada e iluminaci\u00f3n. Ventilaci\u00f3n continua y distribuida por todo el armario. Entregada con 4 cajoneras plastificadas. \ufeff\ufeffCapacidad total 15 cajoneras. Entregada sobre base de acero inoxidable con 4 pies ajustables de 100 mm a 130 mm. Termostato mec\u00e1nico de f\u00e1brica (regulaci\u00f3n de +2\u00b0C a +13\u00b0C), termostato electr\u00f3nico opcional (Ref. 053EGA). Alimentaci\u00f3n 230 V, 50 Hz. Dimensiones exteriores: altura: 1684 mm, anchura 747 mm, profundidad 769 mm.<\/p>\n","protected":false},"excerpt":{"rendered":"<p>55856<\/p>\n","protected":false},"featured_media":55854,"comment_status":"closed","ping_status":"closed","template":"","meta":{"_acf_changed":false},"product_brand":[],"product_cat":[1526],"product_tag":[],"class_list":{"0":"post-55856","1":"product","2":"type-product","3":"status-publish","4":"has-post-thumbnail","6":"product_cat-secador-y-camara-de-maduracion","8":"first","9":"instock","10":"taxable","11":"shipping-taxable","12":"purchasable","13":"product-type-simple"},"acf":[],"_links":{"self":[{"href":"https:\/\/www.coquard.fr\/es\/wp-json\/wp\/v2\/product\/55856","targetHints":{"allow":["GET"]}}],"collection":[{"href":"https:\/\/www.coquard.fr\/es\/wp-json\/wp\/v2\/product"}],"about":[{"href":"https:\/\/www.coquard.fr\/es\/wp-json\/wp\/v2\/types\/product"}],"replies":[{"embeddable":true,"href":"https:\/\/www.coquard.fr\/es\/wp-json\/wp\/v2\/comments?post=55856"}],"wp:featuredmedia":[{"embeddable":true,"href":"https:\/\/www.coquard.fr\/es\/wp-json\/wp\/v2\/media\/55854"}],"wp:attachment":[{"href":"https:\/\/www.coquard.fr\/es\/wp-json\/wp\/v2\/media?parent=55856"}],"wp:term":[{"taxonomy":"product_brand","embeddable":true,"href":"https:\/\/www.coquard.fr\/es\/wp-json\/wp\/v2\/product_brand?post=55856"},{"taxonomy":"product_cat","embeddable":true,"href":"https:\/\/www.coquard.fr\/es\/wp-json\/wp\/v2\/product_cat?post=55856"},{"taxonomy":"product_tag","embeddable":true,"href":"https:\/\/www.coquard.fr\/es\/wp-json\/wp\/v2\/product_tag?post=55856"}],"curies":[{"name":"wp","href":"https:\/\/api.w.org\/{rel}","templated":true}]}}