{"id":55574,"date":"2023-12-21T16:19:10","date_gmt":"2023-12-21T15:19:10","guid":{"rendered":"https:\/\/www.coquard.fr\/produit\/chassis-inox-pour-surelevation-tank-200-et-300l"},"modified":"2026-04-10T23:41:54","modified_gmt":"2026-04-10T21:41:54","slug":"chassis-inox-pour-surelevation-tank-200-et-300l","status":"publish","type":"product","link":"https:\/\/www.coquard.fr\/es\/produit\/chassis-inox-pour-surelevation-tank-200-et-300l","title":{"rendered":"CHASSIS INOX POUR SURELEVATION TANK 200 ET 300L"},"content":{"rendered":"<p>Ch\u00e2ssis inox pour sur\u00e9l\u00e9vation de 650 mm d&#8217;un tank \u00e0 lait 200 litres r\u00e9f 034SED ou 300 litres ref 034SEE. Sortie du lait \u00e0 1100 mm. Permet le remplissage des bacs de caillage par gravit\u00e9. Escalier et garde-corps en option. Dimensions : Longueur 640 x Largeur 640 mm.<\/p>\n","protected":false},"excerpt":{"rendered":"<p>55574<\/p>\n","protected":false},"featured_media":55577,"comment_status":"closed","ping_status":"closed","template":"","meta":{"_acf_changed":false},"product_brand":[],"product_cat":[1533],"product_tag":[],"class_list":{"0":"post-55574","1":"product","2":"type-product","3":"status-publish","4":"has-post-thumbnail","6":"product_cat-tanques-de-leche-y-cisternas","8":"first","9":"instock","10":"taxable","11":"shipping-taxable","12":"purchasable","13":"product-type-simple"},"acf":[],"_links":{"self":[{"href":"https:\/\/www.coquard.fr\/es\/wp-json\/wp\/v2\/product\/55574","targetHints":{"allow":["GET"]}}],"collection":[{"href":"https:\/\/www.coquard.fr\/es\/wp-json\/wp\/v2\/product"}],"about":[{"href":"https:\/\/www.coquard.fr\/es\/wp-json\/wp\/v2\/types\/product"}],"replies":[{"embeddable":true,"href":"https:\/\/www.coquard.fr\/es\/wp-json\/wp\/v2\/comments?post=55574"}],"wp:featuredmedia":[{"embeddable":true,"href":"https:\/\/www.coquard.fr\/es\/wp-json\/wp\/v2\/media\/55577"}],"wp:attachment":[{"href":"https:\/\/www.coquard.fr\/es\/wp-json\/wp\/v2\/media?parent=55574"}],"wp:term":[{"taxonomy":"product_brand","embeddable":true,"href":"https:\/\/www.coquard.fr\/es\/wp-json\/wp\/v2\/product_brand?post=55574"},{"taxonomy":"product_cat","embeddable":true,"href":"https:\/\/www.coquard.fr\/es\/wp-json\/wp\/v2\/product_cat?post=55574"},{"taxonomy":"product_tag","embeddable":true,"href":"https:\/\/www.coquard.fr\/es\/wp-json\/wp\/v2\/product_tag?post=55574"}],"curies":[{"name":"wp","href":"https:\/\/api.w.org\/{rel}","templated":true}]}}